{"id":6477,"date":"2026-04-27T11:07:54","date_gmt":"2026-04-27T09:07:54","guid":{"rendered":"https:\/\/www.iode-du-lac.org\/blog\/?page_id=6477"},"modified":"2026-04-29T11:56:04","modified_gmt":"2026-04-29T09:56:04","slug":"mentions-legales-et-politique-de-confidentialite","status":"publish","type":"page","link":"https:\/\/www.iode-du-lac.org\/blog\/mentions-legales-et-politique-de-confidentialite\/","title":{"rendered":"Mentions l\u00e9gales et politique de confidentialit\u00e9"},"content":{"rendered":"\t\t<div data-elementor-type=\"wp-page\" data-elementor-id=\"6477\" class=\"elementor elementor-6477\">\n\t\t\t\t<div class=\"elementor-element elementor-element-9287acb e-flex e-con-boxed jltma-glass-effect-no wpr-particle-no wpr-jarallax-no wpr-parallax-no wpr-sticky-section-no wpr-equal-height-no e-con e-parent\" data-id=\"9287acb\" data-element_type=\"container\" data-e-type=\"container\">\n\t\t\t\t\t<div class=\"e-con-inner\">\n\t\t\t\t<div class=\"elementor-element elementor-element-af83816 jltma-glass-effect-no elementor-widget elementor-widget-heading\" data-id=\"af83816\" data-element_type=\"widget\" data-e-type=\"widget\" data-widget_type=\"heading.default\">\n\t\t\t\t\t<h2 class=\"elementor-heading-title elementor-size-default\">Mentions l\u00e9gales - Qui sommes nous ?<\/h2>\t\t\t\t<\/div>\n\t\t\t\t<div class=\"elementor-element elementor-element-c6029a6 jltma-glass-effect-no elementor-widget elementor-widget-text-editor\" data-id=\"c6029a6\" data-element_type=\"widget\" data-e-type=\"widget\" data-widget_type=\"text-editor.default\">\n\t\t\t\t\t\t\t\t\t<p>En vertu de l\u2019article 6 de la loi n\u00b0 2004-575 du 21 juin 2004 pour la confiance dans l\u2019\u00e9conomie num\u00e9rique, il est pr\u00e9cis\u00e9 aux utilisateurs du site l\u2019identit\u00e9 des diff\u00e9rents intervenants dans le cadre de sa r\u00e9alisation et de son suivi :<\/p><ul><li><strong>L\u2019adresse de notre site est<\/strong> :\u00a0https:\/\/iode-du-lac.org\/blog\/<\/li><li><strong>Responsable \u00e9ditorial<\/strong> :\u00a0Pr\u00e9sident(e) de l&rsquo;association Iode-du-Lac<\/li><li><strong>H\u00e9bergeur<\/strong> :\u00a0<em><span style=\"text-decoration: underline;\"><a href=\"https:\/\/lws.fr\" target=\"_blank\" rel=\"noopener\">Infomaniak<\/a><\/span><\/em><\/li><\/ul>\t\t\t\t\t\t\t\t<\/div>\n\t\t\t\t<div class=\"elementor-element elementor-element-e91521a jltma-glass-effect-no elementor-widget elementor-widget-heading\" data-id=\"e91521a\" data-element_type=\"widget\" data-e-type=\"widget\" data-widget_type=\"heading.default\">\n\t\t\t\t\t<h2 class=\"elementor-heading-title elementor-size-default\">Politique de confidentialit\u00e9<\/h2>\t\t\t\t<\/div>\n\t\t\t\t<div class=\"elementor-element elementor-element-9a1304e jltma-glass-effect-no elementor-widget elementor-widget-text-editor\" data-id=\"9a1304e\" data-element_type=\"widget\" data-e-type=\"widget\" data-widget_type=\"text-editor.default\">\n\t\t\t\t\t\t\t\t\t<h3>Visiteurs du site<\/h3><p>Comme la plupart des exploitants de sites Internet, <strong><span style=\"color: #4c7734;\">Iode-du-Lac<\/span><\/strong> enregistre des renseignements non nominatifs du genre de ceux que les navigateurs et les serveurs rendent habituellement disponibles, comme le type de navigateur, la langue de pr\u00e9f\u00e9rence, le site r\u00e9f\u00e9rant, ainsi que la date et l&rsquo;heure de chaque demande de visiteur. Ces donn\u00e9es ne sont conserv\u00e9es qu&rsquo;\u00e0 des fins techniques et non \u00e0 long terme.<\/p><p><strong><span style=\"color: #4c7734;\">Iode-du-Lac<\/span><\/strong> recueille \u00e9galement des informations potentiellement identifiantes comme les adresses IP (Internet Protocol) pour les utilisateurs connect\u00e9s et pour les utilisateurs qui laissent des commentaires. <span style=\"color: #4c7734;\"><strong>Iode-du-Lac<\/strong><\/span> ne divulgue des adresses IP d&rsquo;utilisateurs et de commentateurs que dans les m\u00eames circonstances qu&rsquo;elle utilise et divulgue des informations d&rsquo;identification personnelle comme d\u00e9crit ci-dessous.<\/p><h3>Collecte d&rsquo;informations d&rsquo;identification personnelle<\/h3><p><span style=\"color: #4c7734;\"><strong>Iode-du-Lac<\/strong><\/span> ne louera, ne distribuera ou ne vendra jamais vos renseignements personnels \u00e0 des tiers. \u00c0 l&rsquo;exception de ses b\u00e9n\u00e9voles, <span style=\"color: #4c7734;\"><strong>Iode-du-Lac<\/strong><\/span> ne divulgue pas de renseignements qui pourraient permettre d&rsquo;identifier une personne et de l&rsquo;identifier personnellement seulement en r\u00e9ponse \u00e0 une assignation \u00e0 compara\u00eetre, \u00e0 une ordonnance d&rsquo;un tribunal ou \u00e0 une autre demande gouvernementale, ou lorsque <strong><span style=\"color: #4c7734;\">Iode-du-Lac<\/span><\/strong> croit de bonne foi que la divulgation est raisonnablement n\u00e9cessaire pour prot\u00e9ger la propri\u00e9t\u00e9 ou les droits de <strong><span style=\"color: #4c7734;\">Iode-du-Lac<\/span><\/strong>, de tiers ou du public en g\u00e9n\u00e9ral.<\/p><p><span style=\"color: #4c7734;\"><strong>Iode-du-Lac<\/strong><\/span> ne permet qu&rsquo;aux b\u00e9n\u00e9voles de confiance d&rsquo;acc\u00e9der \u00e0 ce site et aux informations potentiellement identifiantes qu&rsquo;il contient. Certains de ces b\u00e9n\u00e9voles peuvent \u00eatre situ\u00e9s hors de France; en utilisant ce site, vous consentez \u00e0 ce que ces informations leur soient transf\u00e9r\u00e9es. <strong><span style=\"color: #4c7734;\">Iode-du-Lac<\/span><\/strong> s&rsquo;engage \u00e0 ne pas louer ou vendre \u00e0 qui que ce soit des informations d&rsquo;identification personnelle. Si vous \u00eates un utilisateur enregistr\u00e9 de <span style=\"color: #4c7734;\"><strong>Iode-du-Lac<\/strong><\/span>, vous pouvez recevoir des courriels de la part des administrateurs du site. <span style=\"color: #4c7734;\"><strong>Iode-du-Lac<\/strong><\/span> prend toutes les mesures raisonnablement n\u00e9cessaires pour se prot\u00e9ger contre l&rsquo;acc\u00e8s non autoris\u00e9, l&rsquo;utilisation, la modification ou la destruction d&rsquo;informations potentiellement identifiantes et personnellement identifiantes.<\/p><h3>Cookies<\/h3><p>Un cookie est une cha\u00eene d&rsquo;informations qu&rsquo;un site Web stocke sur l&rsquo;ordinateur d&rsquo;un visiteur, et que le navigateur du visiteur fournit au site Web chaque fois que le visiteur revient. <span style=\"color: #4c7734;\"><strong>Iode-du-Lac<\/strong><\/span> utilise des cookies pour suivre certaines pr\u00e9f\u00e9rences. Les visiteurs qui ne souhaitent pas que des cookies soient plac\u00e9s sur leur ordinateur doivent configurer leur navigateur pour qu&rsquo;il refuse les cookies avant d&rsquo;utiliser le site.<\/p><h3>Transferts de gestionnaire de site<\/h3><p><span style=\"color: #4c7734;\"><strong>Iode-du-Lac<\/strong><\/span> et les donn\u00e9es qu&rsquo;elle d\u00e9tient ne sont pas \u00e0 vendre. Si <span style=\"color: #4c7734;\"><strong>Iode-du-Lac<\/strong><\/span> devait cesser ses activit\u00e9s, toutes les donn\u00e9es seraient supprim\u00e9es. Si le service devait \u00eatre transf\u00e9r\u00e9 \u00e0 un autre organisme, les utilisateurs en seraient inform\u00e9s au pr\u00e9alable. Les donn\u00e9es elles-m\u00eames ne seront jamais vendues \u00e0 une autre organisation.<\/p><h3>Changements \u00e0 la politique de confidentialit\u00e9<\/h3><p>Bien que la plupart des changements soient susceptibles d&rsquo;\u00eatre mineurs, <span style=\"color: #4c7734;\"><strong>Iode-du-Lac<\/strong><\/span> peut modifier sa politique de confidentialit\u00e9 de temps \u00e0 autre et \u00e0 sa propre discr\u00e9tion. <span style=\"color: #4c7734;\"><strong>Iode-du-Lac<\/strong><\/span> encourage les visiteurs \u00e0 consulter fr\u00e9quemment cette page pour conna\u00eetre les changements apport\u00e9s \u00e0 sa politique de confidentialit\u00e9. Votre utilisation continue de ce site apr\u00e8s tout changement dans cette politique de confidentialit\u00e9 constituera votre acceptation d&rsquo;un tel changement.<\/p>\t\t\t\t\t\t\t\t<\/div>\n\t\t\t\t\t<\/div>\n\t\t\t\t<\/div>\n\t\t\t\t<\/div>\n\t\t","protected":false},"excerpt":{"rendered":"<p>Mentions l\u00e9gales &#8211; Qui sommes nous ? En vertu de l\u2019article 6 de la loi n\u00b0 2004-575 du 21 juin 2004 pour la confiance dans l\u2019\u00e9conomie num\u00e9rique, il est pr\u00e9cis\u00e9 aux utilisateurs du site l\u2019identit\u00e9 des diff\u00e9rents intervenants dans le cadre de sa r\u00e9alisation et de son suivi : L\u2019adresse de notre site est :\u00a0https:\/\/iode-du-lac.org\/blog\/ Responsable \u00e9ditorial :\u00a0Pr\u00e9sident(e) de l&rsquo;association Iode-du-Lac H\u00e9bergeur :\u00a0Infomaniak Politique de confidentialit\u00e9 Visiteurs du site Comme la plupart des exploitants de sites Internet, Iode-du-Lac enregistre des renseignements non nominatifs du genre de ceux que les navigateurs et les serveurs rendent habituellement disponibles, comme le type de navigateur, la langue de pr\u00e9f\u00e9rence, le site r\u00e9f\u00e9rant, ainsi que la date et l&rsquo;heure de chaque demande de visiteur. Ces donn\u00e9es ne sont conserv\u00e9es qu&rsquo;\u00e0 des fins techniques et non \u00e0 long terme. Iode-du-Lac recueille \u00e9galement des informations potentiellement identifiantes comme les adresses IP (Internet Protocol) pour les utilisateurs connect\u00e9s et pour les utilisateurs qui laissent des commentaires. Iode-du-Lac ne divulgue des adresses IP d&rsquo;utilisateurs et de commentateurs que dans les m\u00eames circonstances qu&rsquo;elle utilise et divulgue des informations d&rsquo;identification personnelle comme d\u00e9crit ci-dessous. Collecte d&rsquo;informations d&rsquo;identification personnelle Iode-du-Lac ne louera, ne distribuera ou ne vendra jamais vos renseignements personnels \u00e0 des tiers. \u00c0 l&rsquo;exception de ses b\u00e9n\u00e9voles, Iode-du-Lac ne divulgue pas de renseignements qui pourraient permettre d&rsquo;identifier une personne et de l&rsquo;identifier personnellement seulement en r\u00e9ponse \u00e0 une assignation \u00e0 compara\u00eetre, \u00e0 une ordonnance d&rsquo;un tribunal ou \u00e0 une autre demande gouvernementale, ou lorsque Iode-du-Lac croit de bonne foi que la divulgation est raisonnablement n\u00e9cessaire pour prot\u00e9ger la propri\u00e9t\u00e9 ou les droits de Iode-du-Lac, de tiers ou du public en g\u00e9n\u00e9ral. Iode-du-Lac ne permet qu&rsquo;aux b\u00e9n\u00e9voles de confiance d&rsquo;acc\u00e9der \u00e0 ce site et aux informations potentiellement identifiantes qu&rsquo;il contient. Certains de ces b\u00e9n\u00e9voles peuvent \u00eatre situ\u00e9s hors de France; en utilisant ce site, vous consentez \u00e0 ce que ces informations leur soient transf\u00e9r\u00e9es. Iode-du-Lac s&rsquo;engage \u00e0 ne pas louer ou vendre \u00e0 qui que ce soit des informations d&rsquo;identification personnelle. Si vous \u00eates un utilisateur enregistr\u00e9 de Iode-du-Lac, vous pouvez recevoir des courriels de la part des administrateurs du site. Iode-du-Lac prend toutes les mesures raisonnablement n\u00e9cessaires pour se prot\u00e9ger contre l&rsquo;acc\u00e8s non autoris\u00e9, l&rsquo;utilisation, la modification ou la destruction d&rsquo;informations potentiellement identifiantes et personnellement identifiantes. Cookies Un cookie est une cha\u00eene d&rsquo;informations qu&rsquo;un site Web stocke sur l&rsquo;ordinateur d&rsquo;un visiteur, et que le navigateur du visiteur fournit au site Web chaque fois que le visiteur revient. Iode-du-Lac utilise des cookies pour suivre certaines pr\u00e9f\u00e9rences. Les visiteurs qui ne souhaitent pas que des cookies soient plac\u00e9s sur leur ordinateur doivent configurer leur navigateur pour qu&rsquo;il refuse les cookies avant d&rsquo;utiliser le site. Transferts de gestionnaire de site Iode-du-Lac et les donn\u00e9es qu&rsquo;elle d\u00e9tient ne sont pas \u00e0 vendre. Si Iode-du-Lac devait cesser ses activit\u00e9s, toutes les donn\u00e9es seraient supprim\u00e9es. Si le service devait \u00eatre transf\u00e9r\u00e9 \u00e0 un autre organisme, les utilisateurs en seraient inform\u00e9s au pr\u00e9alable. Les donn\u00e9es elles-m\u00eames ne seront jamais vendues \u00e0 une autre organisation. Changements \u00e0 la politique de confidentialit\u00e9 Bien que la plupart des changements soient susceptibles d&rsquo;\u00eatre mineurs, Iode-du-Lac peut modifier sa politique de confidentialit\u00e9 de temps \u00e0 autre et \u00e0 sa propre discr\u00e9tion. Iode-du-Lac encourage les visiteurs \u00e0 consulter fr\u00e9quemment cette page pour conna\u00eetre les changements apport\u00e9s \u00e0 sa politique de confidentialit\u00e9. Votre utilisation continue de ce site apr\u00e8s tout changement dans cette politique de confidentialit\u00e9 constituera votre acceptation d&rsquo;un tel changement.<\/p>\n","protected":false},"author":42,"featured_media":0,"parent":0,"menu_order":0,"comment_status":"closed","ping_status":"closed","template":"","meta":{"site-sidebar-layout":"no-sidebar","site-content-layout":"","ast-site-content-layout":"full-width-container","site-content-style":"default","site-sidebar-style":"default","ast-global-header-display":"","ast-banner-title-visibility":"","ast-main-header-display":"","ast-hfb-above-header-display":"","ast-hfb-below-header-display":"","ast-hfb-mobile-header-display":"","site-post-title":"","ast-breadcrumbs-content":"","ast-featured-img":"disabled","footer-sml-layout":"","ast-disable-related-posts":"","theme-transparent-header-meta":"default","adv-header-id-meta":"","stick-header-meta":"","header-above-stick-meta":"","header-main-stick-meta":"","header-below-stick-meta":"","astra-migrate-meta-layouts":"set","ast-page-background-enabled":"default","ast-page-background-meta":{"desktop":{"background-color":"var(--ast-global-color-5)","background-image":"","background-repeat":"repeat","background-position":"center center","background-size":"auto","background-attachment":"scroll","background-type":"","background-media":"","overlay-type":"","overlay-color":"","overlay-opacity":"","overlay-gradient":""},"tablet":{"background-color":"","background-image":"","background-repeat":"repeat","background-position":"center center","background-size":"auto","background-attachment":"scroll","background-type":"","background-media":"","overlay-type":"","overlay-color":"","overlay-opacity":"","overlay-gradient":""},"mobile":{"background-color":"","background-image":"","background-repeat":"repeat","background-position":"center center","background-size":"auto","background-attachment":"scroll","background-type":"","background-media":"","overlay-type":"","overlay-color":"","overlay-opacity":"","overlay-gradient":""}},"ast-content-background-meta":{"desktop":{"background-color":"var(--ast-global-color-4)","background-image":"","background-repeat":"repeat","background-position":"center center","background-size":"auto","background-attachment":"scroll","background-type":"","background-media":"","overlay-type":"","overlay-color":"","overlay-opacity":"","overlay-gradient":""},"tablet":{"background-color":"var(--ast-global-color-4)","background-image":"","background-repeat":"repeat","background-position":"center center","background-size":"auto","background-attachment":"scroll","background-type":"","background-media":"","overlay-type":"","overlay-color":"","overlay-opacity":"","overlay-gradient":""},"mobile":{"background-color":"var(--ast-global-color-4)","background-image":"","background-repeat":"repeat","background-position":"center center","background-size":"auto","background-attachment":"scroll","background-type":"","background-media":"","overlay-type":"","overlay-color":"","overlay-opacity":"","overlay-gradient":""}},"_mc_calendar":[],"footnotes":""},"class_list":["post-6477","page","type-page","status-publish","hentry"],"_links":{"self":[{"href":"https:\/\/www.iode-du-lac.org\/blog\/wp-json\/wp\/v2\/pages\/6477","targetHints":{"allow":["GET"]}}],"collection":[{"href":"https:\/\/www.iode-du-lac.org\/blog\/wp-json\/wp\/v2\/pages"}],"about":[{"href":"https:\/\/www.iode-du-lac.org\/blog\/wp-json\/wp\/v2\/types\/page"}],"author":[{"embeddable":true,"href":"https:\/\/www.iode-du-lac.org\/blog\/wp-json\/wp\/v2\/users\/42"}],"replies":[{"embeddable":true,"href":"https:\/\/www.iode-du-lac.org\/blog\/wp-json\/wp\/v2\/comments?post=6477"}],"version-history":[{"count":7,"href":"https:\/\/www.iode-du-lac.org\/blog\/wp-json\/wp\/v2\/pages\/6477\/revisions"}],"predecessor-version":[{"id":7666,"href":"https:\/\/www.iode-du-lac.org\/blog\/wp-json\/wp\/v2\/pages\/6477\/revisions\/7666"}],"wp:attachment":[{"href":"https:\/\/www.iode-du-lac.org\/blog\/wp-json\/wp\/v2\/media?parent=6477"}],"curies":[{"name":"wp","href":"https:\/\/api.w.org\/{rel}","templated":true}]}}