{"id":41,"date":"2010-01-06T14:12:40","date_gmt":"2010-01-06T13:12:40","guid":{"rendered":"http:\/\/www.iode-du-lac.org\/blog\/?page_id=41"},"modified":"2013-10-09T07:28:30","modified_gmt":"2013-10-09T06:28:30","slug":"liens","status":"publish","type":"page","link":"https:\/\/www.iode-du-lac.org\/blog\/lassociation\/liens\/","title":{"rendered":"Les bons liens"},"content":{"rendered":"<p>Petite s\u00e9lection de liens qui valent le coup d&rsquo;\u00eatre visit\u00e9s:<\/p>\n<ul>\n<li><a title=\"Enercoop\" href=\"http:\/\/www.enercoop.fr\" target=\"_blank\">Enercoop<\/a>: Coop\u00e9rative regroupant des producteurs et des consommateurs d&rsquo;\u00e9nergies renouvellables<\/li>\n<li><a href=\"http:\/\/www.toulouseplanete.org\/\" target=\"_self\">Toulouse Plan\u00e8te:<\/a> le site sur le d\u00e9veloppement durable de la Mairie de Toulouse<\/li>\n<li><a href=\"http:\/\/sites.google.com\/site\/collectifpde\/\" target=\"_blank\">Collectif PDE:<\/a> le site du collectif des Plan de D\u00e9placement Entreprise toulousains<\/li>\n<li><a href=\"http:\/\/toulousevelo.free.fr\/\" target=\"_blank\">Association Toulouse V\u00e9lo<\/a>: le site de l&rsquo;association toulousaine qui d\u00e9fend les cyclistes et leurs int\u00e9r\u00eats<\/li>\n<li><a href=\"http:\/\/www.velotaf.com\/\" target=\"_blank\">V\u00e9lotaf<\/a>: le site des v\u00e9lo-taffeurs ou encore ceux qui vont au boulot en v\u00e9lo<\/li>\n<li><a href=\"http:\/\/www.terre.tv\" target=\"_blank\">TerreTV<\/a>: la e-TV pour l&rsquo;environnement et le d\u00e9veloppement durable<\/li>\n<li><a href=\"http:\/\/www.terrevivante.org\/\" target=\"_blank\">Terre Vivante<\/a>: la biblioth\u00e8que pour l&rsquo;\u00e9cologie pratique<\/li>\n<li><a href=\"http:\/\/www.toulousethic.fr\/\" target=\"_blank\">Toulouse&rsquo;Ethic<\/a>: une autre lecture de l&rsquo;information en Midi-Pyr\u00e9n\u00e9es<\/li>\n<li><a href=\"http:\/\/www.amapreseau-mp.org\/\" target=\"_blank\">R\u00e9seau des AMAP de Midi-Pyr\u00e9n\u00e9es<\/a>: Le site de l&rsquo;alliance des AMAP de Midi-Pyr\u00e9n\u00e9es<\/li>\n<li><a href=\"http:\/\/www.friture.net\/\" target=\"_blank\">Friture<\/a>: le site du magazine passerelle des alternatives en Midi-Pyr\u00e9n\u00e9es<\/li>\n<li><a href=\"http:\/\/www.buscyclistes.org\" target=\"_blank\">BusCyclistes<\/a> : le site qui de l&rsquo;initiative des bus cyclistes<\/li>\n<li><a href=\"http:\/\/www.coteaux21.org\/\" target=\"_blank\">C\u00f4teaux21<\/a>: Blog de l&rsquo;Agenda 21 de St Geni\u00e8s-Bellevue<\/li>\n<li><a href=\"http:\/\/www.lamaisonecologique.com\/\" target=\"_blank\">La Maison Ecologique<\/a>: le site de la revue<\/li>\n<li><a href=\"http:\/\/www.robindestoits.org\/\" target=\"_blank\">Robins des Toits<\/a>: le site de l&rsquo;association pour la s\u00e9curit\u00e9 sanitaire dans les technologies sans fil<\/li>\n<li><a href=\"http:\/\/www.greenpeace.org\/france\/\" target=\"_blank\">Greenpeace<\/a>: le site de l&rsquo;ONG pour une \u00ab\u00a0paix verte\u00a0\u00bb<\/li>\n<li><a href=\"http:\/\/www.la-jeune-pousse.com\/\" target=\"_blank\">La Jeune Pousse<\/a>: le site de l&rsquo;association portant 2 projets de coop\u00e9ratives d\u2019habitants \u00e0 Toulouse<\/li>\n<li><a href=\"http:\/\/lacvoile.free.fr\/\" target=\"_blank\">LAC Voile Croisi\u00e8re<\/a>: le site de l&rsquo;association du LAC Voile et Croisi\u00e8re d&rsquo;Airbus<\/li>\n<li><a href=\"http:\/\/www.worldometers.info\/fr\/ \" target=\"_blank\">Worldometers<\/a>: Quelques statistiques mondiales en temps r\u00e9el<\/li>\n<li><a href=\"http:\/\/www.grandtoulouse.org\/jsp\/fiche_pagelibre.jsp?CODE=59551333&amp;LANGUE=0&amp;RH=PUBLICATIONS&amp;RF=1246459501785\" target=\"_blank\">Carte du GrandToulouse<\/a>: Des cartes du Grand Toulouse (notamment les pistes cyclables)<\/li>\n<li><a href=\"http:\/\/krapa.free.fr\">Krapa<\/a>: parcours de sports nature 2D et 3D<\/li>\n<li><a href=\"http:\/\/www.spaddeville.com\/\" target=\"_blank\">Spaddeville<\/a>: \u00e9quipements pluie pour le v\u00e9lo<\/li>\n<li><a href=\"http:\/\/www.baggers.fr\/asp\/accueil.html\" target=\"_blank\">Baggers<\/a>: protection pluie pour les pieds en v\u00e9lo<\/li>\n<li><a href=\"http:\/\/www.gracq.be\/CAPSULES\/Accueil\" target=\"_blank\">Clips s\u00e9curit\u00e9 v\u00e9lo (GRACQ)<\/a> : Petits clips pour sensibiliser les cyclistes sur certains type de danger cyclistes<\/li>\n<li><a href=\"http:\/\/nooc.fr\/\" target=\"_blank\">Nooc<\/a> : Tenue de pluie et accessoires pour le v\u00e9lo en mat\u00e9riaux recycl\u00e9s fabriqu\u00e9s au Portugal<\/li>\n<li><a title=\"http:\/\/www.energie-environnement.ch\/\" href=\"http:\/\/www.energie-environnement.ch\/\" target=\"_blank\">energie-environnement.ch<\/a> : Plein de conseils et d&rsquo;informations sur l&rsquo;\u00e9nergie<\/li>\n<li><a title=\"La Feme du Salet\" href=\"http:\/\/www.lafermedusalet.fr\" target=\"_blank\">La Ferme du Salet<\/a>\u00a0: Le site Web du producteur de notre AMAP Oeufs\/Volaille<\/li>\n<li><a title=\"Open source\" href=\"http:\/\/decroissance.blog.lemonde.fr\/2012\/03\/21\/modeles-energetiques-open-source\/\" target=\"_blank\">Mod\u00e8les \u00e9nerg\u00e9tiques Open Source <\/a>: Le site decroissance du Monde parle du mod\u00e8le anglais qui est Open Source<\/li>\n<li><a title=\"Energia Verda\" href=\"http:\/\/www.energia-verda.org\" target=\"_blank\">Energia Verda<\/a> : Initiative pour lancer la transition \u00e9nerg\u00e9tique vers les \u00e9nergies\u00a0renouvelables\u00a0en Midi-Pyr\u00e9n\u00e9es<\/li>\n<li><a title=\"Greenes\" href=\"http:\/\/www.aisc-dd-greenees.fr\" target=\"_blank\">Greenes<\/a> : Le r\u00e9seau vert des salari\u00e9s d&rsquo;Airbus Central Entity<\/li>\n<\/ul>\n","protected":false},"excerpt":{"rendered":"<p>Petite s\u00e9lection de liens qui valent le coup d&rsquo;\u00eatre visit\u00e9s: Enercoop: Coop\u00e9rative regroupant des producteurs et des consommateurs d&rsquo;\u00e9nergies renouvellables Toulouse Plan\u00e8te: le site sur le d\u00e9veloppement durable de la Mairie de Toulouse Collectif PDE: le site du collectif des Plan de D\u00e9placement Entreprise toulousains Association Toulouse V\u00e9lo: le site de l&rsquo;association toulousaine qui d\u00e9fend<\/p>\n<p class=\"readmore\"> <a href=\"https:\/\/www.iode-du-lac.org\/blog\/lassociation\/liens\/\" title=\"Read Les bons liens\">  CONTINUE READING &#8230;<\/a> <\/p>\n","protected":false},"author":2,"featured_media":0,"parent":2765,"menu_order":0,"comment_status":"open","ping_status":"open","template":"","meta":{"footnotes":""},"class_list":["post-41","page","type-page","status-publish","hentry"],"_links":{"self":[{"href":"https:\/\/www.iode-du-lac.org\/blog\/wp-json\/wp\/v2\/pages\/41","targetHints":{"allow":["GET"]}}],"collection":[{"href":"https:\/\/www.iode-du-lac.org\/blog\/wp-json\/wp\/v2\/pages"}],"about":[{"href":"https:\/\/www.iode-du-lac.org\/blog\/wp-json\/wp\/v2\/types\/page"}],"author":[{"embeddable":true,"href":"https:\/\/www.iode-du-lac.org\/blog\/wp-json\/wp\/v2\/users\/2"}],"replies":[{"embeddable":true,"href":"https:\/\/www.iode-du-lac.org\/blog\/wp-json\/wp\/v2\/comments?post=41"}],"version-history":[{"count":37,"href":"https:\/\/www.iode-du-lac.org\/blog\/wp-json\/wp\/v2\/pages\/41\/revisions"}],"predecessor-version":[{"id":43,"href":"https:\/\/www.iode-du-lac.org\/blog\/wp-json\/wp\/v2\/pages\/41\/revisions\/43"}],"up":[{"embeddable":true,"href":"https:\/\/www.iode-du-lac.org\/blog\/wp-json\/wp\/v2\/pages\/2765"}],"wp:attachment":[{"href":"https:\/\/www.iode-du-lac.org\/blog\/wp-json\/wp\/v2\/media?parent=41"}],"curies":[{"name":"wp","href":"https:\/\/api.w.org\/{rel}","templated":true}]}}