{"id":3807,"date":"2017-08-10T09:27:22","date_gmt":"2017-08-10T08:27:22","guid":{"rendered":"http:\/\/www.iode-du-lac.org\/blog\/?page_id=3807"},"modified":"2018-12-21T09:22:40","modified_gmt":"2018-12-21T08:22:40","slug":"ethique-animale","status":"publish","type":"page","link":"https:\/\/www.iode-du-lac.org\/blog\/les-groupes\/ethique-animale\/","title":{"rendered":"Ethique animale"},"content":{"rendered":"\r\n<h2 class=\"wp-block-heading\"><strong>Pr\u00e9sentation du groupe<\/strong><\/h2>\r\n\r\n\r\n\r\n<p>Depuis quelques ann\u00e9es de plus en plus de personnes souhaitent une soci\u00e9t\u00e9 plus juste envers les animaux. Parce qu\u2019ils font partie de notre quotidien, de notre destin, de notre biodiversit\u00e9, parce qu\u2019ils sont encore trop souvent consid\u00e9r\u00e9s comme des objets de consommation et non comme des \u00eatres vivants et dou\u00e9s de sensibilit\u00e9, parce qu\u2019il est possible et n\u00e9cessaire qu\u2019humains et animaux cohabitent et vivent dans le respect,<\/p>\r\n\r\n\r\n\r\n<p class=\"has-text-color has-vivid-green-cyan-color\">un groupe au sein de IODE a \u00e9t\u00e9 cr\u00e9\u00e9\u00a0en mars 2017 : <strong>Ethique Animale.<\/strong><\/p>\r\n\r\n\r\n\r\n<div class=\"wp-block-image\"><figure class=\"aligncenter\"><img loading=\"lazy\" decoding=\"async\" width=\"169\" height=\"157\" src=\"https:\/\/www.iode-du-lac.org\/blog\/wp-content\/uploads\/2017\/08\/logo-ethique-animale.jpg\" alt=\"\" class=\"wp-image-3921\" srcset=\"https:\/\/www.iode-du-lac.org\/blog\/wp-content\/uploads\/2017\/08\/logo-ethique-animale.jpg 169w, https:\/\/www.iode-du-lac.org\/blog\/wp-content\/uploads\/2017\/08\/logo-ethique-animale-125x116.jpg 125w\" sizes=\"auto, (max-width: 169px) 100vw, 169px\" \/><figcaption>Logo Ethique Animale<\/figcaption><\/figure><\/div>\r\n\r\n\r\n\r\n<p>Ce groupe a pour vocation de regrouper toutes les personnes sensibles \u00e0 ce sujet et de proposer aux salari\u00e9s int\u00e9ress\u00e9s des activit\u00e9s (cours de cuisine v\u00e9g\u00e9tale, atelier de reconnaissance vraie\/fausse fourrure, etc.).<\/p>\r\n\r\n\r\n\r\n<h2 class=\"wp-block-heading\">L&rsquo;\u00e9quipe<\/h2>\r\n\r\n\r\n\r\n<p>Ce groupe est coordonn\u00e9 par Beno\u00eet Calmels et Karine Roques. <\/p>\r\n\r\n\r\n\r\n<p>Pour nous contacter, vous pouvez utiliser l\u2019adresse suivante : <a rel=\"noreferrer noopener\" aria-label=\"ethique-animale@iode-du-lac.org (s\u2019ouvre dans un nouvel onglet)\" href=\"mailto:ethique-animale@iode-du-lac.org\" target=\"_blank\">ethique-animale@iode-du-lac.org<\/a><\/p>\r\n\r\n\r\n\r\n<h2 class=\"wp-block-heading\">Les r\u00e9unions<\/h2>\r\n\r\n\r\n\r\n<p>Nous nous retrouvons deux fois par mois dans l\u2019un des restaurants d\u2019entreprise d\u2019Airbus pour un d\u00e9jeuner convivial o\u00f9 vous serez les bienvenus.<\/p>\r\n\r\n\r\n\r\n<h2 class=\"wp-block-heading\">Les activit\u00e9s<\/h2>\r\n\r\n\r\n\r\n<p>A ce jour, le groupe\u00a0:<br><\/p>\r\n\r\n\r\n\r\n<ul class=\"wp-block-list\"><li>a organis\u00e9 des cours de cuisine v\u00e9g\u00e9tale, qui seront \u00e0 nouveau propos\u00e9s\u00a0;<\/li><li>a anim\u00e9 deux ateliers de reconnaissance vraie\/fausse fourrure\u00a0;<\/li><li>a particip\u00e9 au forum des dix ans de IODE\u00a0;<\/li><li>a propos\u00e9 \u00e0 la m\u00e9diath\u00e8que l\u2019achat de quelques livres de r\u00e9f\u00e9rence sur l\u2019\u00e9thique animale\u00a0:<ul><li>\u00ab\u00a0Manifeste animaliste: comment politiser la cause animale\u00a0\u00bb de Corine Pelluchon<\/li><li>\u00ab\u00a0Lettre ouverte aux animaux (et \u00e0 ceux qui les aiment)\u00a0\u00bb de Fr\u00e9d\u00e9ric Lenoir<\/li><li>\u00ab\u00a0Antisp\u00e9ciste \u2013 Comment r\u00e9concilier l\u2019homme, l\u2019animal, la nature\u00a0\u00bb de Aymeric Caron<\/li><li>\u00ab\u00a0Insolente Veggie\u00a0\u00bb de Rosa B.<\/li><li>\u00ab\u00a0Faut-il manger les animaux\u00a0?\u00bb de Jonathan Safran Foer.<\/li><\/ul><\/li><\/ul>\r\n\r\n\r\n\r\n<p><\/p>\r\n","protected":false},"excerpt":{"rendered":"<p>Pr\u00e9sentation du groupe Depuis quelques ann\u00e9es de plus en plus de personnes souhaitent une soci\u00e9t\u00e9 plus juste envers les animaux. Parce qu\u2019ils font partie de notre quotidien, de notre destin, de notre biodiversit\u00e9, parce qu\u2019ils sont encore trop souvent consid\u00e9r\u00e9s comme des objets de consommation et non comme des \u00eatres vivants et dou\u00e9s de sensibilit\u00e9,<\/p>\n<p class=\"readmore\"> <a href=\"https:\/\/www.iode-du-lac.org\/blog\/les-groupes\/ethique-animale\/\" title=\"Read Ethique animale\">  CONTINUE READING &#8230;<\/a> <\/p>\n","protected":false},"author":33,"featured_media":3921,"parent":2812,"menu_order":0,"comment_status":"closed","ping_status":"closed","template":"","meta":{"footnotes":""},"class_list":["post-3807","page","type-page","status-publish","has-post-thumbnail","hentry"],"_links":{"self":[{"href":"https:\/\/www.iode-du-lac.org\/blog\/wp-json\/wp\/v2\/pages\/3807","targetHints":{"allow":["GET"]}}],"collection":[{"href":"https:\/\/www.iode-du-lac.org\/blog\/wp-json\/wp\/v2\/pages"}],"about":[{"href":"https:\/\/www.iode-du-lac.org\/blog\/wp-json\/wp\/v2\/types\/page"}],"author":[{"embeddable":true,"href":"https:\/\/www.iode-du-lac.org\/blog\/wp-json\/wp\/v2\/users\/33"}],"replies":[{"embeddable":true,"href":"https:\/\/www.iode-du-lac.org\/blog\/wp-json\/wp\/v2\/comments?post=3807"}],"version-history":[{"count":22,"href":"https:\/\/www.iode-du-lac.org\/blog\/wp-json\/wp\/v2\/pages\/3807\/revisions"}],"predecessor-version":[{"id":5234,"href":"https:\/\/www.iode-du-lac.org\/blog\/wp-json\/wp\/v2\/pages\/3807\/revisions\/5234"}],"up":[{"embeddable":true,"href":"https:\/\/www.iode-du-lac.org\/blog\/wp-json\/wp\/v2\/pages\/2812"}],"wp:featuredmedia":[{"embeddable":true,"href":"https:\/\/www.iode-du-lac.org\/blog\/wp-json\/wp\/v2\/media\/3921"}],"wp:attachment":[{"href":"https:\/\/www.iode-du-lac.org\/blog\/wp-json\/wp\/v2\/media?parent=3807"}],"curies":[{"name":"wp","href":"https:\/\/api.w.org\/{rel}","templated":true}]}}