{"id":3655,"date":"2016-02-10T23:20:47","date_gmt":"2016-02-10T22:20:47","guid":{"rendered":"http:\/\/www.iode-du-lac.org\/blog\/?page_id=3655"},"modified":"2016-02-10T23:20:47","modified_gmt":"2016-02-10T22:20:47","slug":"lamap-boeuf-et-veau","status":"publish","type":"page","link":"https:\/\/www.iode-du-lac.org\/blog\/les-groupes\/les-amaps\/lamap-boeuf-et-veau\/","title":{"rendered":"L&rsquo;AMAP Boeuf et Veau"},"content":{"rendered":"<p>Ce qu\u2019il faut savoir\u00a0:<\/p>\n<ul>\n<li>Engagement sur 1 an, \u00a05 colis minimum par an de b\u0153uf et\/ou de veau<\/li>\n<li>Choix entre 2 tailles de colis (4kg ou 6kg)<\/li>\n<li>P\u00e9riode de livraison laiss\u00e9e \u00e0 l\u2019appr\u00e9ciation du mangeur<\/li>\n<li>1 distribution par mois le jeudi (jour de march\u00e9) de 12h \u00e0 13h00<\/li>\n<li>Distribution sur le parking du CE Airbus Operation SAS (St Martin)<\/li>\n<\/ul>\n","protected":false},"excerpt":{"rendered":"<p>Ce qu\u2019il faut savoir\u00a0: Engagement sur 1 an, \u00a05 colis minimum par an de b\u0153uf et\/ou de veau Choix entre 2 tailles de colis (4kg ou 6kg) P\u00e9riode de livraison laiss\u00e9e \u00e0 l\u2019appr\u00e9ciation du mangeur 1 distribution par mois le jeudi (jour de march\u00e9) de 12h \u00e0 13h00 Distribution sur le parking du CE Airbus<\/p>\n<p class=\"readmore\"> <a href=\"https:\/\/www.iode-du-lac.org\/blog\/les-groupes\/les-amaps\/lamap-boeuf-et-veau\/\" title=\"Read L&rsquo;AMAP Boeuf et Veau\">  CONTINUE READING &#8230;<\/a> <\/p>\n","protected":false},"author":2,"featured_media":0,"parent":2788,"menu_order":0,"comment_status":"closed","ping_status":"closed","template":"","meta":{"footnotes":""},"class_list":["post-3655","page","type-page","status-publish","hentry"],"_links":{"self":[{"href":"https:\/\/www.iode-du-lac.org\/blog\/wp-json\/wp\/v2\/pages\/3655","targetHints":{"allow":["GET"]}}],"collection":[{"href":"https:\/\/www.iode-du-lac.org\/blog\/wp-json\/wp\/v2\/pages"}],"about":[{"href":"https:\/\/www.iode-du-lac.org\/blog\/wp-json\/wp\/v2\/types\/page"}],"author":[{"embeddable":true,"href":"https:\/\/www.iode-du-lac.org\/blog\/wp-json\/wp\/v2\/users\/2"}],"replies":[{"embeddable":true,"href":"https:\/\/www.iode-du-lac.org\/blog\/wp-json\/wp\/v2\/comments?post=3655"}],"version-history":[{"count":1,"href":"https:\/\/www.iode-du-lac.org\/blog\/wp-json\/wp\/v2\/pages\/3655\/revisions"}],"predecessor-version":[{"id":3656,"href":"https:\/\/www.iode-du-lac.org\/blog\/wp-json\/wp\/v2\/pages\/3655\/revisions\/3656"}],"up":[{"embeddable":true,"href":"https:\/\/www.iode-du-lac.org\/blog\/wp-json\/wp\/v2\/pages\/2788"}],"wp:attachment":[{"href":"https:\/\/www.iode-du-lac.org\/blog\/wp-json\/wp\/v2\/media?parent=3655"}],"curies":[{"name":"wp","href":"https:\/\/api.w.org\/{rel}","templated":true}]}}