{"id":3236,"date":"2013-10-09T07:03:53","date_gmt":"2013-10-09T06:03:53","guid":{"rendered":"http:\/\/www.iode-du-lac.org\/blog\/?page_id=3236"},"modified":"2013-11-06T00:20:45","modified_gmt":"2013-11-05T23:20:45","slug":"les-liens-du-jardin","status":"publish","type":"page","link":"https:\/\/www.iode-du-lac.org\/blog\/les-groupes\/le-jardin\/les-liens-du-jardin\/","title":{"rendered":"Les liens du jardin"},"content":{"rendered":"<h1><span style=\"text-decoration: underline;\"><strong>Assos toulousaine qui travaillent sur le sujet<\/strong><\/span><\/h1>\n<ul>\n<li>Les activit\u00e9s de l\u2019AISC sont ici <a href=\"http:\/\/www.aisc-dd-greenees.fr\/\">http:\/\/www.aisc-dd-greenees.fr\/<\/a> (cours de jardinage bio, biotifull day, conf\u2026)<\/li>\n<li>Toulouse en transition groupe <a href=\"http:\/\/www.google.de\/url?sa=t&amp;rct=j&amp;q=&amp;esrc=s&amp;frm=1&amp;source=web&amp;cd=1&amp;cad=rja&amp;ved=0CDsQFjAA&amp;url=http%3A%2F%2Fwww.toulouse.transitionfrance.fr%2F%3Fpage_id%3D308&amp;ei=1nMxUpzRA4rW0QXH-4GQAQ&amp;usg=AFQjCNFekaei0bjqY4TSE18dGo_A6BrChg&amp;sig2=1WurPBZDDi8T_JhCJBG_LA&amp;bvm=bv.52109249,d.d2k\">permaculture<\/a><\/li>\n<li>La carte des jardins partag\u00e9s \u00e0 toulouse est <a href=\"http:\/\/www.google.de\/url?sa=t&amp;rct=j&amp;q=&amp;esrc=s&amp;frm=1&amp;source=web&amp;cd=3&amp;cad=rja&amp;ved=0CDsQjBAwAg&amp;url=http%3A%2F%2Fwww.toulouse.transitionfrance.fr%2F%3Fpage_id%3D228&amp;ei=kHMxUt3zGaKV0QWt-4CwDw&amp;usg=AFQjCNFNmQKB0Orrv6BhkaGeggopKm-Lsw&amp;sig2=dsU0lo4Jx0NmPK9pknNAFQ&amp;bvm=bv.52109249,d.d2k\">ici<\/a><\/li>\n<li>Les serres de l\u2019arche en Pays Toulousain sont visitables en prenant contact avec eux:<\/li>\n<\/ul>\n<p style=\"padding-left: 60px;\">Responsable ESAT Maniban<br \/>\nL&rsquo;Arche en Pays Toulousain<br \/>\n2 rue du Docteur Guimbaud<br \/>\n31700 Blagnac<br \/>\nTel direct: 0631909881<\/p>\n<ul>\n<li>L\u2019association des jardiniers de tournefeuille : <a href=\"http:\/\/www.jardiniersdetournefeuille.org\/\">http:\/\/www.jardiniersdetournefeuille.org\/<\/a><\/li>\n<li>Sur les jardins partag\u00e9s, l\u2019assos Partageons les jardins !\u00a0 fait le lien entre les diff\u00e9rentes initiatives et la mairie : <a href=\"http:\/\/www.partageonslesjardins.fr\/\" target=\"_blank\">www.partageonslesjardins.fr<\/a><\/li>\n<li>L\u2019assos DIRE anime des jardins dans plusieurs endroits dont Bellefontaine : <a href=\"http:\/\/www.dire-environnement.org\/\" target=\"_blank\">www.dire-environnement.org<\/a>\u00a0<\/li>\n<\/ul>\n<p style=\"padding-left: 60px;\">Association Dire (Info-relais sur l&rsquo;environnement)\u00a0<br \/>\n05 61 75 77 76\u00a0<br \/>\n06 26 11 62 89\u00a0<br \/>\n4, rue Claude Chappe 31520 Ramonville St-Agne<\/p>\n<ul>\n<li>L&rsquo;association\u00a0Reflets\u00a0propose une formation\u00a0\u00ab\u00a0Fabrication et maintenance d\u2019un <b>lombricomposteur<\/b><strong>\u00a0<\/strong><\/li>\n<\/ul>\n<h1><strong><span style=\"text-decoration: underline;\">Jardins \u00e0 visiter\u00a0ou \u00e0 contacter pour des formations permacultures<\/span><\/strong><\/h1>\n<ul>\n<li>\u00a0Jardin des possibles \u00e0 Salayrac (Ginals, 82), voir <a href=\"http:\/\/www.lejardindespossibles.org\/\">http:\/\/www.lejardindespossibles.org\/<\/a><\/li>\n<li>jardins de Jinjean \u00e0 Saverdun, voir <a href=\"http:\/\/lesjardinsdejinjean.com\/\">http:\/\/lesjardinsdejinjean.com\/<\/a>\u00a0<\/li>\n<li>le jardin extraordinaire de Lieurac\u00a0 <i><a href=\"http:\/\/www.lejardinextraordinaire.sitew.fr\/\">www.le<b>jardinextraordinaire<\/b>.sitew.fr\/<\/a><\/i><\/li>\n<li>le jardin de la poterie Hillen \u00e0 Thermes Magoac\u00a0 <a href=\"http:\/\/www.poterie.fr\/\">http:\/\/www.poterie.fr\/<\/a><\/li>\n<li>le <b>Jardin du Pichet <\/b>\u00e0 St Orens<\/li>\n<li><b>jardin d&rsquo;Ent\u00e9oulet <\/b>dans le Gers<\/li>\n<\/ul>\n<h1>\u00a0<strong><span style=\"text-decoration: underline;\">F<\/span><span style=\"text-decoration: underline;\">ilms \u00e0 voir<\/span><\/strong><\/h1>\n<ul>\n<li>Introduction to Permaculture Design\u00a0\u00bb par Geoff Lawton.\u00a0 il est disponible <a href=\"http:\/\/tv.naturalnews.com\/v.asp?v=A9D039C932C0109C54738020B88846BD\">ici <\/a>: Par contre, c&rsquo;est en anglais, il n&rsquo;y a pas encore de version fran\u00e7aise !<\/li>\n<li>Le clip franchement d\u00e9lirant ! l&rsquo;humour belge au jardin ! <a href=\"http:\/\/www.youtube.com\/watch?v=GTuoo1X0YfY\">http:\/\/www.youtube.com\/watch?v=GTuoo1X0YfY<\/a><\/li>\n<\/ul>\n<h1>\u00a0<strong><span style=\"text-decoration: underline;\">Livres dispo \u00e0 la m\u00e9diath\u00e8que sur le sujet<\/span><\/strong><\/h1>\n<ul>\n<li>\u00a0<a href=\"javascript:dk_global_post_params('http:\/\/mediatheque.ceairbus.com\/dk_opac15\/search\/IBDON\/I33797','&amp;rid=2')\">Jardiner selon la nature : Guide pratique pour un potager bio<\/a><\/li>\n<li><a href=\"javascript:dk_global_post_params('http:\/\/mediatheque.ceairbus.com\/dk_opac15\/search\/IBDON\/DOC00045242','&amp;rid=2')\">Larousse du jardin bio<\/a><\/li>\n<li><a href=\"javascript:dk_global_post_params('http:\/\/mediatheque.ceairbus.com\/dk_opac15\/search\/IBDON\/DOC00045439','&amp;rid=2')\">Jardiner \u00e9cologique sans pesticide<\/a><\/li>\n<li><a href=\"javascript:dk_global_post_params('http:\/\/mediatheque.ceairbus.com\/dk_opac15\/search\/IBDON\/DOC00038135','&amp;rid=2')\">Le jardin BIO dynamique<\/a><\/li>\n<li><a href=\"javascript:dk_global_post_params('http:\/\/mediatheque.ceairbus.com\/dk_opac15\/search\/IBDON\/I8248','&amp;rid=2')\">Le truffaut du jardin \u00e9cologique<\/a><\/li>\n<li><a href=\"javascript:dk_global_post_params('http:\/\/mediatheque.ceairbus.com\/dk_opac15\/search\/IBDON\/X13180','&amp;rid=2')\">Mon p&rsquo;tit potager bio : 7 12 ans<\/a><\/li>\n<li><a href=\"javascript:dk_global_post_params('http:\/\/mediatheque.ceairbus.com\/dk_opac15\/search\/IBDON\/X19631','&amp;rid=2')\">Le guide du jardin bio : potager, verger, ornement<\/a>\u00a0: un must\u00a0!<\/li>\n<li><a href=\"javascript:dk_global_post_params('http:\/\/mediatheque.ceairbus.com\/dk_opac15\/search\/IBDON\/X26927','&amp;rid=2')\">Le bon jardinier : l&rsquo;essentiel<\/a><\/li>\n<li><a href=\"javascript:dk_global_post_params('http:\/\/mediatheque.ceairbus.com\/dk_opac15\/search\/IBDON\/X37951','&amp;rid=2')\">Le livre de mon jardin : 7 12 ans<\/a><\/li>\n<li><a href=\"javascript:dk_global_post_params('http:\/\/mediatheque.ceairbus.com\/dk_opac15\/search\/IBDON\/DOC00020125','&amp;rid=3')\">Les plantes comestibles (cueillette, culture, cuisine)<\/a><\/li>\n<li><a href=\"javascript:dk_global_post_params('http:\/\/mediatheque.ceairbus.com\/dk_opac15\/search\/IBDON\/DOC00022441','&amp;rid=3')\">Guide des arbres et arbustes<\/a><\/li>\n<li><a href=\"javascript:dk_global_post_params('http:\/\/mediatheque.ceairbus.com\/dk_opac15\/search\/IBDON\/DOC00027322','&amp;rid=3')\">Plantes aromatiques et medicinales<\/a><\/li>\n<li><a href=\"javascript:dk_global_post_params('http:\/\/mediatheque.ceairbus.com\/dk_opac15\/search\/IBDON\/DOC00027603','&amp;rid=3')\">Plantes vivaces<\/a><\/li>\n<li><a href=\"javascript:dk_global_post_params('http:\/\/mediatheque.ceairbus.com\/dk_opac15\/search\/IBDON\/DOC00027604','&amp;rid=3')\">Plantes annuelles<\/a><\/li>\n<li>\u00a0<a href=\"javascript:dk_global_post_params('http:\/\/mediatheque.ceairbus.com\/dk_opac15\/search\/IBDON\/DOC00028068','&amp;rid=3')\">Dictionnaire de la botanique<\/a><\/li>\n<li><a href=\"javascript:dk_global_post_params('http:\/\/mediatheque.ceairbus.com\/dk_opac15\/search\/IBDON\/DOC00033660','&amp;rid=3')\">Jardins d&rsquo;herbes aromatiques<\/a><\/li>\n<li>\u00a0<a href=\"javascript:dk_global_post_params('http:\/\/mediatheque.ceairbus.com\/dk_opac15\/search\/IBDON\/DOC00034522','&amp;rid=3')\">La culuture biologique du potager et du verger<\/a><\/li>\n<li><a href=\"javascript:dk_global_post_params('http:\/\/mediatheque.ceairbus.com\/dk_opac15\/search\/IBDON\/DOC00034906','&amp;rid=3')\">Guide nutritionnel des plantes sauvages et cultiv\u00e9es<\/a><\/li>\n<li><a href=\"javascript:dk_global_post_params('http:\/\/mediatheque.ceairbus.com\/dk_opac15\/search\/IBDON\/DOC00034966','&amp;rid=3')\">L&rsquo;album des plantes et des fleurs<\/a><\/li>\n<li><a href=\"javascript:dk_global_post_params('http:\/\/mediatheque.ceairbus.com\/dk_opac15\/search\/IBDON\/DOC00035569','&amp;rid=3')\">Guide le la vie sauvage du jardin<\/a><\/li>\n<li><a href=\"javascript:dk_global_post_params('http:\/\/mediatheque.ceairbus.com\/dk_opac15\/search\/IBDON\/DOC00038123','&amp;rid=3')\">Fen\u00eatres fleuries<\/a><\/li>\n<li><a href=\"javascript:dk_global_post_params('http:\/\/mediatheque.ceairbus.com\/dk_opac15\/search\/IBDON\/DOC00039910','&amp;rid=3')\">Jardins et plantes d&rsquo;int\u00e9rieur<\/a><\/li>\n<li><a href=\"javascript:dk_global_post_params('http:\/\/mediatheque.ceairbus.com\/dk_opac15\/search\/IBDON\/DOC00039914','&amp;rid=3')\">Jardiner parfum\u00e9<\/a><\/li>\n<li><a href=\"javascript:dk_global_post_params('http:\/\/mediatheque.ceairbus.com\/dk_opac15\/search\/IBDON\/DOC00039923','&amp;rid=3')\">R\u00e9ussir son jardin<\/a><\/li>\n<li><a href=\"javascript:dk_global_post_params('http:\/\/mediatheque.ceairbus.com\/dk_opac15\/search\/IBDON\/DOC00041520','&amp;rid=3')\">Toulouse c\u00f4t\u00e9 jardins<\/a><\/li>\n<li><a href=\"javascript:dk_global_post_params('http:\/\/mediatheque.ceairbus.com\/dk_opac15\/search\/IBDON\/DOC00041680','&amp;rid=3')\">Jardins d&rsquo;eau, r\u00e9alisation, entretien, plantes et petits animaux<\/a><\/li>\n<li><a href=\"javascript:dk_global_post_params('http:\/\/mediatheque.ceairbus.com\/dk_opac15\/search\/IBDON\/DOC00044102','&amp;rid=3')\">Pour un jardin sans arrosage<\/a><\/li>\n<li><a href=\"javascript:dk_global_post_params('http:\/\/mediatheque.ceairbus.com\/dk_opac15\/search\/IBDON\/DOC00044104','&amp;rid=3')\">Les jardins et la pluie<\/a><\/li>\n<li>\u00a0<a href=\"javascript:dk_global_post_params('http:\/\/mediatheque.ceairbus.com\/dk_opac15\/search\/IBDON\/DOC00045313','&amp;rid=3')\">Bien arroser<\/a><\/li>\n<li><a href=\"javascript:dk_global_post_params('http:\/\/mediatheque.ceairbus.com\/dk_opac15\/search\/IBDON\/I17814','&amp;rid=3')\">Oignon recherche carotte d\u00e9sesp\u00e9r\u00e9ment : Qui aime qui ?<\/a><\/li>\n<li><a href=\"javascript:dk_global_post_params('http:\/\/mediatheque.ceairbus.com\/dk_opac15\/search\/IBDON\/X10381','&amp;rid=3')\">Jour apr\u00e8s jour : les plantes<\/a><\/li>\n<li><a href=\"javascript:dk_global_post_params('http:\/\/mediatheque.ceairbus.com\/dk_opac15\/search\/IBDON\/X13159','&amp;rid=3')\">Je jardine : 7 12 ans<\/a><\/li>\n<li><a href=\"javascript:dk_global_post_params('http:\/\/mediatheque.ceairbus.com\/dk_opac15\/search\/IBDON\/X14419','&amp;rid=3')\">350 gr de trucs et astuces de jardinier<\/a><\/li>\n<li><a href=\"javascript:dk_global_post_params('http:\/\/mediatheque.ceairbus.com\/dk_opac15\/search\/IBDON\/DOC00023097','&amp;rid=4')\">Jardinage pour les nuls<\/a><\/li>\n<li><a href=\"javascript:dk_global_post_params('http:\/\/mediatheque.ceairbus.com\/dk_opac15\/search\/IBDON\/DOC00023978','&amp;rid=4')\">Taille et greffe<\/a><\/li>\n<li>\u00a0<a href=\"javascript:dk_global_post_params('http:\/\/mediatheque.ceairbus.com\/dk_opac15\/search\/IBDON\/DOC00023984','&amp;rid=4')\">La couleur au jardin<\/a><\/li>\n<li><a href=\"javascript:dk_global_post_params('http:\/\/mediatheque.ceairbus.com\/dk_opac15\/search\/IBDON\/DOC00027605','&amp;rid=4')\">Bulbes<\/a><\/li>\n<li><a href=\"javascript:dk_global_post_params('http:\/\/mediatheque.ceairbus.com\/dk_opac15\/search\/IBDON\/DOC00027606','&amp;rid=4')\">Legumes<\/a><\/li>\n<li><a href=\"javascript:dk_global_post_params('http:\/\/mediatheque.ceairbus.com\/dk_opac15\/search\/IBDON\/DOC00028911','&amp;rid=4')\">L&rsquo;ete au jardin<\/a><\/li>\n<li><a href=\"javascript:dk_global_post_params('http:\/\/mediatheque.ceairbus.com\/dk_opac15\/search\/IBDON\/DOC00033852','&amp;rid=4')\">Cr\u00e9er et entretenir un jardin<\/a><\/li>\n<li><a href=\"javascript:dk_global_post_params('http:\/\/mediatheque.ceairbus.com\/dk_opac15\/search\/IBDON\/DOC00034521','&amp;rid=4')\">Calendrier lunaire du jardin<\/a><\/li>\n<li><a href=\"javascript:dk_global_post_params('http:\/\/mediatheque.ceairbus.com\/dk_opac15\/search\/IBDON\/DOC00035494','&amp;rid=4')\">L&rsquo;abc du verger geste par geste<\/a><\/li>\n<li><a href=\"javascript:dk_global_post_params('http:\/\/mediatheque.ceairbus.com\/dk_opac15\/search\/IBDON\/DOC00038125','&amp;rid=4')\">Jardini\u00e8res<\/a><\/li>\n<li><a href=\"javascript:dk_global_post_params('http:\/\/mediatheque.ceairbus.com\/dk_opac15\/search\/IBDON\/DOC00038127','&amp;rid=4')\">Guide du jardin en pots<\/a><\/li>\n<li><a href=\"javascript:dk_global_post_params('http:\/\/mediatheque.ceairbus.com\/dk_opac15\/search\/IBDON\/DOC00038132','&amp;rid=4')\">Potager au balcon<\/a><\/li>\n<li><a href=\"javascript:dk_global_post_params('http:\/\/mediatheque.ceairbus.com\/dk_opac15\/search\/IBDON\/DOC00038133','&amp;rid=4')\">Les l\u00e9gumes dans mon jardin<\/a><\/li>\n<li><a href=\"javascript:dk_global_post_params('http:\/\/mediatheque.ceairbus.com\/dk_opac15\/search\/IBDON\/DOC00038134','&amp;rid=4')\">Potagers \u00e0 l&rsquo;ancienne<\/a><\/li>\n<li><a href=\"javascript:dk_global_post_params('http:\/\/mediatheque.ceairbus.com\/dk_opac15\/search\/IBDON\/DOC00038140','&amp;rid=4')\">Plantes grimpantes<\/a><\/li>\n<li><a href=\"javascript:dk_global_post_params('http:\/\/mediatheque.ceairbus.com\/dk_opac15\/search\/IBDON\/DOC00038322','&amp;rid=4')\">Serres et jardins d&rsquo;hiver<\/a><\/li>\n<li><a href=\"javascript:dk_global_post_params('http:\/\/mediatheque.ceairbus.com\/dk_opac15\/search\/IBDON\/DOC00038667','&amp;rid=4')\">Le guide du jardinage biologique<\/a><\/li>\n<li><a href=\"javascript:dk_global_post_params('http:\/\/mediatheque.ceairbus.com\/dk_opac15\/search\/IBDON\/DOC00039925','&amp;rid=4')\">Les maladies du jardin<\/a><\/li>\n<li><a href=\"javascript:dk_global_post_params('http:\/\/mediatheque.ceairbus.com\/dk_opac15\/search\/IBDON\/DOC00040064','&amp;rid=4')\">1000 mariages de plantes<\/a><\/li>\n<li><a href=\"javascript:dk_global_post_params('http:\/\/mediatheque.ceairbus.com\/dk_opac15\/search\/IBDON\/DOC00041290','&amp;rid=4')\">Le Guide Claude Vilmorin du Jardin<\/a><\/li>\n<li><a href=\"javascript:dk_global_post_params('http:\/\/mediatheque.ceairbus.com\/dk_opac15\/search\/IBDON\/DOC00042558','&amp;rid=4')\">Le grand guide du jardin<\/a><\/li>\n<li><a href=\"javascript:dk_global_post_params('http:\/\/mediatheque.ceairbus.com\/dk_opac15\/search\/IBDON\/DOC00043254','&amp;rid=4')\">L&rsquo;abc de la taille<\/a><\/li>\n<li><a href=\"javascript:dk_global_post_params('http:\/\/mediatheque.ceairbus.com\/dk_opac15\/search\/IBDON\/DOC00044091','&amp;rid=4')\">Savoir tout faire au jardin<\/a><\/li>\n<li><a href=\"javascript:dk_global_post_params('http:\/\/mediatheque.ceairbus.com\/dk_opac15\/search\/IBDON\/I10383','&amp;rid=4')\">Secrets des jardins de nos grands-p\u00e8res<\/a><\/li>\n<li><a href=\"javascript:dk_global_post_params('http:\/\/mediatheque.ceairbus.com\/dk_opac15\/search\/IBDON\/I19452','&amp;rid=4')\">Mon potager mois par mois : tout pour r\u00e9ussir ses fruits &amp; l\u00e9gumes<\/a><\/li>\n<li><a href=\"javascript:dk_global_post_params('http:\/\/mediatheque.ceairbus.com\/dk_opac15\/search\/IBDON\/I34294','&amp;rid=4')\">Comment louper son jardin sans complexe<\/a><\/li>\n<li><a href=\"javascript:dk_global_post_params('http:\/\/mediatheque.ceairbus.com\/dk_opac15\/search\/IBDON\/I50408','&amp;rid=4')\">Mieux jardiner avec la lune 2013<\/a><\/li>\n<li><a href=\"javascript:dk_global_post_params('http:\/\/mediatheque.ceairbus.com\/dk_opac15\/search\/IBDON\/X14125','&amp;rid=4')\">Cr\u00e9er un potager \u00e0 l&rsquo;ancienne : le savoir-faire retrouv\u00e9<\/a><\/li>\n<li><a href=\"javascript:dk_global_post_params('http:\/\/mediatheque.ceairbus.com\/dk_opac15\/search\/IBDON\/X19633','&amp;rid=4')\">Manuel du jardin naturel : introduction illustr\u00e9e au jardinage naturel<\/a><\/li>\n<li><a href=\"javascript:dk_global_post_params('http:\/\/mediatheque.ceairbus.com\/dk_opac15\/search\/IBDON\/X55180','&amp;rid=4')\">Mon jardin zen<\/a>\u00a0<\/li>\n<\/ul>\n","protected":false},"excerpt":{"rendered":"<p>Assos toulousaine qui travaillent sur le sujet Les activit\u00e9s de l\u2019AISC sont ici http:\/\/www.aisc-dd-greenees.fr\/ (cours de jardinage bio, biotifull day, conf\u2026) Toulouse en transition groupe permaculture La carte des jardins partag\u00e9s \u00e0 toulouse est ici Les serres de l\u2019arche en Pays Toulousain sont visitables en prenant contact avec eux: Responsable ESAT Maniban L&rsquo;Arche en Pays<\/p>\n<p class=\"readmore\"> <a href=\"https:\/\/www.iode-du-lac.org\/blog\/les-groupes\/le-jardin\/les-liens-du-jardin\/\" title=\"Read Les liens du jardin\">  CONTINUE READING &#8230;<\/a> <\/p>\n","protected":false},"author":2,"featured_media":0,"parent":2768,"menu_order":0,"comment_status":"open","ping_status":"open","template":"","meta":{"footnotes":""},"class_list":["post-3236","page","type-page","status-publish","hentry"],"_links":{"self":[{"href":"https:\/\/www.iode-du-lac.org\/blog\/wp-json\/wp\/v2\/pages\/3236","targetHints":{"allow":["GET"]}}],"collection":[{"href":"https:\/\/www.iode-du-lac.org\/blog\/wp-json\/wp\/v2\/pages"}],"about":[{"href":"https:\/\/www.iode-du-lac.org\/blog\/wp-json\/wp\/v2\/types\/page"}],"author":[{"embeddable":true,"href":"https:\/\/www.iode-du-lac.org\/blog\/wp-json\/wp\/v2\/users\/2"}],"replies":[{"embeddable":true,"href":"https:\/\/www.iode-du-lac.org\/blog\/wp-json\/wp\/v2\/comments?post=3236"}],"version-history":[{"count":7,"href":"https:\/\/www.iode-du-lac.org\/blog\/wp-json\/wp\/v2\/pages\/3236\/revisions"}],"predecessor-version":[{"id":3321,"href":"https:\/\/www.iode-du-lac.org\/blog\/wp-json\/wp\/v2\/pages\/3236\/revisions\/3321"}],"up":[{"embeddable":true,"href":"https:\/\/www.iode-du-lac.org\/blog\/wp-json\/wp\/v2\/pages\/2768"}],"wp:attachment":[{"href":"https:\/\/www.iode-du-lac.org\/blog\/wp-json\/wp\/v2\/media?parent=3236"}],"curies":[{"name":"wp","href":"https:\/\/api.w.org\/{rel}","templated":true}]}}