{"id":2799,"date":"2013-04-05T12:14:19","date_gmt":"2013-04-05T11:14:19","guid":{"rendered":"http:\/\/www.iode-du-lac.org\/blog\/?page_id=2799"},"modified":"2017-08-10T09:44:33","modified_gmt":"2017-08-10T08:44:33","slug":"lalimentation","status":"publish","type":"page","link":"https:\/\/www.iode-du-lac.org\/blog\/les-groupes\/lalimentation\/","title":{"rendered":"Alimentation"},"content":{"rendered":"<a href=\"https:\/\/www.iode-du-lac.org\/blog\/wp-content\/uploads\/2013\/04\/l-equilibre-alimentaire-tout-au-long-de-la-journee-426.jpg\"><img loading=\"lazy\" decoding=\"async\" class=\"alignleft wp-image-2885\" src=\"https:\/\/www.iode-du-lac.org\/blog\/wp-content\/uploads\/2013\/04\/l-equilibre-alimentaire-tout-au-long-de-la-journee-426-680x680.jpg\" alt=\"Faites manger des l\u00e9gumes \u00e0 vos enfants ! #2\" width=\"387\" height=\"387\" srcset=\"https:\/\/www.iode-du-lac.org\/blog\/wp-content\/uploads\/2013\/04\/l-equilibre-alimentaire-tout-au-long-de-la-journee-426-680x680.jpg 680w, https:\/\/www.iode-du-lac.org\/blog\/wp-content\/uploads\/2013\/04\/l-equilibre-alimentaire-tout-au-long-de-la-journee-426-150x150.jpg 150w, https:\/\/www.iode-du-lac.org\/blog\/wp-content\/uploads\/2013\/04\/l-equilibre-alimentaire-tout-au-long-de-la-journee-426-250x250.jpg 250w, https:\/\/www.iode-du-lac.org\/blog\/wp-content\/uploads\/2013\/04\/l-equilibre-alimentaire-tout-au-long-de-la-journee-426-125x125.jpg 125w, https:\/\/www.iode-du-lac.org\/blog\/wp-content\/uploads\/2013\/04\/l-equilibre-alimentaire-tout-au-long-de-la-journee-426-80x80.jpg 80w, https:\/\/www.iode-du-lac.org\/blog\/wp-content\/uploads\/2013\/04\/l-equilibre-alimentaire-tout-au-long-de-la-journee-426-90x90.jpg 90w, https:\/\/www.iode-du-lac.org\/blog\/wp-content\/uploads\/2013\/04\/l-equilibre-alimentaire-tout-au-long-de-la-journee-426-48x48.jpg 48w, https:\/\/www.iode-du-lac.org\/blog\/wp-content\/uploads\/2013\/04\/l-equilibre-alimentaire-tout-au-long-de-la-journee-426.jpg 1924w\" sizes=\"auto, (max-width: 387px) 100vw, 387px\" \/><\/a>\n<h1>Pr\u00e9sentation du groupe<\/h1>\n<p>Le but de ce groupe est de promouvoir une alimentation bonne pour la sant\u00e9, bonne pour la plan\u00e8te et les animaux, bonne pour les producteurs, bonne pour l\u2019\u00e9conomie locale et bonne pour votre budget personnel.<\/p>\n<p>Nos axes d\u2019actions sont la promotion des produits locaux, bio, de saison accompagn\u00e9e de la promotion d\u2019un \u00e9quilibre alimentaire passant en particulier par un retour des prot\u00e9ines v\u00e9g\u00e9tales dans nos assiettes.<\/p>\n<h1><\/h1>\n<h1><\/h1>\n<p>&nbsp;<\/p>\n<h1>L&rsquo;\u00e9quipe<\/h1>\n<p>Ce groupe est anim\u00e9 par Agnes LECLERCQ et Didier LITOUX<\/p>\n<h1>Les r\u00e9unions<\/h1>\n<p>Les r\u00e9unions reprendront quand nous aurons plus de disponibilit\u00e9 &#8230; Si vous voulez participer \u00e0 ce groupe,\u00a0 N\u2019h\u00e9sitez pas \u00e0 nous contacter.<\/p>\n<h1>Les activit\u00e9s<\/h1>\n<ul>\n<li>Enqu\u00eate sur la restauration collective aupr\u00e8s des salari\u00e9s<\/li>\n<li>Echanges avec les responsables de la restauration collective<\/li>\n<\/ul>\n","protected":false},"excerpt":{"rendered":"<p>Pr\u00e9sentation du groupe Le but de ce groupe est de promouvoir une alimentation bonne pour la sant\u00e9, bonne pour la plan\u00e8te et les animaux, bonne pour les producteurs, bonne pour l\u2019\u00e9conomie locale et bonne pour votre budget personnel. Nos axes d\u2019actions sont la promotion des produits locaux, bio, de saison accompagn\u00e9e de la promotion d\u2019un<\/p>\n<p class=\"readmore\"> <a href=\"https:\/\/www.iode-du-lac.org\/blog\/les-groupes\/lalimentation\/\" title=\"Read Alimentation\">  CONTINUE READING &#8230;<\/a> <\/p>\n","protected":false},"author":2,"featured_media":0,"parent":2812,"menu_order":0,"comment_status":"open","ping_status":"closed","template":"","meta":{"footnotes":""},"class_list":["post-2799","page","type-page","status-publish","hentry"],"_links":{"self":[{"href":"https:\/\/www.iode-du-lac.org\/blog\/wp-json\/wp\/v2\/pages\/2799","targetHints":{"allow":["GET"]}}],"collection":[{"href":"https:\/\/www.iode-du-lac.org\/blog\/wp-json\/wp\/v2\/pages"}],"about":[{"href":"https:\/\/www.iode-du-lac.org\/blog\/wp-json\/wp\/v2\/types\/page"}],"author":[{"embeddable":true,"href":"https:\/\/www.iode-du-lac.org\/blog\/wp-json\/wp\/v2\/users\/2"}],"replies":[{"embeddable":true,"href":"https:\/\/www.iode-du-lac.org\/blog\/wp-json\/wp\/v2\/comments?post=2799"}],"version-history":[{"count":12,"href":"https:\/\/www.iode-du-lac.org\/blog\/wp-json\/wp\/v2\/pages\/2799\/revisions"}],"predecessor-version":[{"id":3813,"href":"https:\/\/www.iode-du-lac.org\/blog\/wp-json\/wp\/v2\/pages\/2799\/revisions\/3813"}],"up":[{"embeddable":true,"href":"https:\/\/www.iode-du-lac.org\/blog\/wp-json\/wp\/v2\/pages\/2812"}],"wp:attachment":[{"href":"https:\/\/www.iode-du-lac.org\/blog\/wp-json\/wp\/v2\/media?parent=2799"}],"curies":[{"name":"wp","href":"https:\/\/api.w.org\/{rel}","templated":true}]}}