{"id":2788,"date":"2013-04-05T12:11:21","date_gmt":"2013-04-05T11:11:21","guid":{"rendered":"http:\/\/www.iode-du-lac.org\/blog\/?page_id=2788"},"modified":"2017-11-27T14:50:30","modified_gmt":"2017-11-27T13:50:30","slug":"les-amaps","status":"publish","type":"page","link":"https:\/\/www.iode-du-lac.org\/blog\/les-groupes\/les-amaps\/","title":{"rendered":"Les AMAPs"},"content":{"rendered":"<p>Au sein d\u2019Airbus Op\u00e9rations SAS, possibilit\u00e9 d\u2019adh\u00e9rer aux AMAP suivantes :<\/p>\n<ul>\n<li>L\u00e9gumes (cr\u00e9\u00e9e 2010) \u2013 Contact Pascal SAINTLAURENT<\/li>\n<\/ul>\n<p>Remarque\u00a0: Produits issus de l\u2019agriculture raisonn\u00e9e (traitements sans produits de synth\u00e8se)<\/p>\n<ul>\n<li>\u0152ufs (cr\u00e9\u00e9e en 2011) \u2013 Contact Camille LAMIAUX<\/li>\n<\/ul>\n<p>Remarque\u00a0:\u00a0 produits issus de l\u2019agriculture biologique<\/p>\n<ul>\n<li>B\u0153uf\/veau (cr\u00e9\u00e9e en 2012) \u2013 Contact Benedicte TOULORGE<\/li>\n<\/ul>\n<p>Remarque\u00a0:\u00a0 produits issus de l\u2019agriculture biologique<\/p>\n<ul>\n<li>Porc (cr\u00e9\u00e9e en 2012) \u2013 Contact Benedicte TOULORGE<\/li>\n<\/ul>\n<p>Remarque\u00a0:\u00a0 produits issus de l\u2019agriculture biologique<\/p>\n<ul>\n<li>Volaille (cr\u00e9\u00e9e en 2012) &#8211;\u00a0 Contact Kadjowe BARUT-SUIGNARD\u00a0; Didier LITOUX<\/li>\n<\/ul>\n<p>Remarque\u00a0:\u00a0 produits issues de l\u2019agriculture biologique<\/p>\n<p>Repr\u00e9sentant des AMAPs aupr\u00e8s de IODE: Didier LITOUX<\/p>\n<p>Pour adh\u00e9rer aux AMAPs il est n\u00e9cessaire de souscrire 1 inscription \u00e0 Iode (5\u20ac\/an) au LAC (5\u20ac\/an) et au r\u00e9seau AMAP midi Pyr\u00e9n\u00e9es (20\u20ac\/an) quel que soit le nombre de contrats souscrits (tarifs au 1er janvier 2017 pouvant \u00e9voluer).<\/p>\n","protected":false},"excerpt":{"rendered":"<p>Au sein d\u2019Airbus Op\u00e9rations SAS, possibilit\u00e9 d\u2019adh\u00e9rer aux AMAP suivantes : L\u00e9gumes (cr\u00e9\u00e9e 2010) \u2013 Contact Pascal SAINTLAURENT Remarque\u00a0: Produits issus de l\u2019agriculture raisonn\u00e9e (traitements sans produits de synth\u00e8se) \u0152ufs (cr\u00e9\u00e9e en 2011) \u2013 Contact Camille LAMIAUX Remarque\u00a0:\u00a0 produits issus de l\u2019agriculture biologique B\u0153uf\/veau (cr\u00e9\u00e9e en 2012) \u2013 Contact Benedicte TOULORGE Remarque\u00a0:\u00a0 produits issus de<\/p>\n<p class=\"readmore\"> <a href=\"https:\/\/www.iode-du-lac.org\/blog\/les-groupes\/les-amaps\/\" title=\"Read Les AMAPs\">  CONTINUE READING &#8230;<\/a> <\/p>\n","protected":false},"author":2,"featured_media":0,"parent":2812,"menu_order":0,"comment_status":"open","ping_status":"closed","template":"","meta":{"footnotes":""},"class_list":["post-2788","page","type-page","status-publish","hentry"],"_links":{"self":[{"href":"https:\/\/www.iode-du-lac.org\/blog\/wp-json\/wp\/v2\/pages\/2788","targetHints":{"allow":["GET"]}}],"collection":[{"href":"https:\/\/www.iode-du-lac.org\/blog\/wp-json\/wp\/v2\/pages"}],"about":[{"href":"https:\/\/www.iode-du-lac.org\/blog\/wp-json\/wp\/v2\/types\/page"}],"author":[{"embeddable":true,"href":"https:\/\/www.iode-du-lac.org\/blog\/wp-json\/wp\/v2\/users\/2"}],"replies":[{"embeddable":true,"href":"https:\/\/www.iode-du-lac.org\/blog\/wp-json\/wp\/v2\/comments?post=2788"}],"version-history":[{"count":6,"href":"https:\/\/www.iode-du-lac.org\/blog\/wp-json\/wp\/v2\/pages\/2788\/revisions"}],"predecessor-version":[{"id":4181,"href":"https:\/\/www.iode-du-lac.org\/blog\/wp-json\/wp\/v2\/pages\/2788\/revisions\/4181"}],"up":[{"embeddable":true,"href":"https:\/\/www.iode-du-lac.org\/blog\/wp-json\/wp\/v2\/pages\/2812"}],"wp:attachment":[{"href":"https:\/\/www.iode-du-lac.org\/blog\/wp-json\/wp\/v2\/media?parent=2788"}],"curies":[{"name":"wp","href":"https:\/\/api.w.org\/{rel}","templated":true}]}}