{"id":2768,"date":"2013-04-05T11:57:37","date_gmt":"2013-04-05T10:57:37","guid":{"rendered":"http:\/\/www.iode-du-lac.org\/blog\/?page_id=2768"},"modified":"2019-09-05T21:01:33","modified_gmt":"2019-09-05T20:01:33","slug":"le-jardin","status":"publish","type":"page","link":"https:\/\/www.iode-du-lac.org\/blog\/les-groupes\/le-jardin\/","title":{"rendered":"Jardin"},"content":{"rendered":"<a href=\"https:\/\/www.iode-du-lac.org\/blog\/wp-content\/uploads\/2012\/01\/IMG_0257-Large.jpg\"><img loading=\"lazy\" decoding=\"async\" class=\"size-medium wp-image-2105 aligncenter\" src=\"https:\/\/www.iode-du-lac.org\/blog\/wp-content\/uploads\/2012\/01\/IMG_0257-Large-300x225.jpg\" alt=\"IMG_0257 (Large)\" width=\"300\" height=\"225\" srcset=\"https:\/\/www.iode-du-lac.org\/blog\/wp-content\/uploads\/2012\/01\/IMG_0257-Large-300x225.jpg 300w, https:\/\/www.iode-du-lac.org\/blog\/wp-content\/uploads\/2012\/01\/IMG_0257-Large.jpg 1024w\" sizes=\"auto, (max-width: 300px) 100vw, 300px\" \/><\/a>\n<h2><strong>Un Jardin d\u2019entreprise : le jardin au Naturel du Comit\u00e9 d\u2019Entreprise d\u2019Airbus Op\u00e9rations<\/strong><\/h2>\n<p>le reportage de France 3 sur le jardin d&rsquo;Airbus : <a href=\"https:\/\/www.iode-du-lac.org\/blog\/2014\/11\/france-3-un-jardin-dans-mon-entreprise\/\">https:\/\/www.iode-du-lac.org\/blog\/2014\/11\/france-3-un-jardin-dans-mon-entreprise\/<\/a><\/p>\n<p>&nbsp;<\/p>\n<p>Pour permettre aux salari\u00e9s d\u2019apprendre les techniques du jardin au Naturel, le CE a lanc\u00e9 via l\u2019association IODE une section Jardin. Une fois par semaine, le groupe se r\u00e9unit pour des cours m\u00e9langeant pratique et th\u00e9orie du jardinage sans engrais ni pesticides. En plusieurs ann\u00e9es, 9 bandes potag\u00e8res ont \u00e9t\u00e9 cr\u00e9es, ainsi qu&rsquo;un trou de serrure en permaculture, 2 haies d\u2019une centaine d\u2019arbustes ont \u00e9t\u00e9 plant\u00e9es ainsi que 6 fruitiers.\u00a0 Dans un esprit de solidarit\u00e9 et de partage, le potager fait parti des initiatives \u00ab Incroyables comestibles \u00bb et les l\u00e9gumes qui y poussent sont \u00e0 la libre disposition de tous.<\/p>\n<h1>L&rsquo;\u00e9quipe<\/h1>\n<p>Ce groupe est anim\u00e9 par Patrice ROYER, Marie-Pierre CASSAGNE et Bruno LAMBERET.<\/p>\n<h1>Les r\u00e9unions<\/h1>\n<p>Tous les vendredis entre 12h15 et 13h45 derri\u00e8re le b\u00e2timent du LAC Espace Loisirs, ou en salle Chopin<\/p>\n<a href=\"https:\/\/www.iode-du-lac.org\/blog\/wp-content\/uploads\/2013\/04\/Photo0053.jpg\"><img loading=\"lazy\" decoding=\"async\" class=\"alignnone size-medium wp-image-3020\" src=\"https:\/\/www.iode-du-lac.org\/blog\/wp-content\/uploads\/2013\/04\/Photo0053-250x333.jpg\" alt=\"Photo0053\" width=\"225\" height=\"300\" srcset=\"https:\/\/www.iode-du-lac.org\/blog\/wp-content\/uploads\/2013\/04\/Photo0053-250x333.jpg 250w, https:\/\/www.iode-du-lac.org\/blog\/wp-content\/uploads\/2013\/04\/Photo0053-680x906.jpg 680w, https:\/\/www.iode-du-lac.org\/blog\/wp-content\/uploads\/2013\/04\/Photo0053-125x166.jpg 125w, https:\/\/www.iode-du-lac.org\/blog\/wp-content\/uploads\/2013\/04\/Photo0053.jpg 1536w\" sizes=\"auto, (max-width: 225px) 100vw, 225px\" \/><\/a>\n<h1>Les activit\u00e9s<\/h1>\n<ul>\n<li>Le Cours \u00ab\u00a0Jardin au Naturel\u00a0\u00bb avec des s\u00e9ances tout au long de l&rsquo;ann\u00e9e pour tout conna\u00eetre sur<\/li>\n<li>les lazagnes beds,<\/li>\n<li>le compost,<\/li>\n<li>la terre,<\/li>\n<li>les milliers de petites b\u00eates qui sont sous vos pieds et travaillent pour vous !<\/li>\n<li>l&rsquo;utilisation de l&rsquo;eau pour un juste besoin<\/li>\n<li>bien d&rsquo;autres d\u00e9couvertes &#8230; et la mise en application sur les bandes potag\u00e8res du CE<\/li>\n<li>l&rsquo;Am\u00e9nagement de l&rsquo;espace vert situ\u00e9 derri\u00e8re le CE (plantation d&rsquo;arbres fruitiers et de haies, installation de tables)<\/li>\n<li>des visites de jardins<\/li>\n<li>des sorties botaniques (plantes sauvages comestibles, m\u00e9dicinales, &#8230;)<\/li>\n<li>les cours de permacultures<\/li>\n<\/ul>\n<a href=\"https:\/\/www.iode-du-lac.org\/blog\/wp-content\/uploads\/2013\/04\/Photo0063.jpg\"><img loading=\"lazy\" decoding=\"async\" class=\"size-medium wp-image-3019 aligncenter\" src=\"https:\/\/www.iode-du-lac.org\/blog\/wp-content\/uploads\/2013\/04\/Photo0063-250x333.jpg\" alt=\"Photo0063\" width=\"225\" height=\"300\" srcset=\"https:\/\/www.iode-du-lac.org\/blog\/wp-content\/uploads\/2013\/04\/Photo0063-250x333.jpg 250w, https:\/\/www.iode-du-lac.org\/blog\/wp-content\/uploads\/2013\/04\/Photo0063-680x906.jpg 680w, https:\/\/www.iode-du-lac.org\/blog\/wp-content\/uploads\/2013\/04\/Photo0063-125x166.jpg 125w, https:\/\/www.iode-du-lac.org\/blog\/wp-content\/uploads\/2013\/04\/Photo0063.jpg 1536w\" sizes=\"auto, (max-width: 225px) 100vw, 225px\" \/><\/a>\n","protected":false},"excerpt":{"rendered":"<p>Un Jardin d\u2019entreprise : le jardin au Naturel du Comit\u00e9 d\u2019Entreprise d\u2019Airbus Op\u00e9rations le reportage de France 3 sur le jardin d&rsquo;Airbus : https:\/\/www.iode-du-lac.org\/blog\/2014\/11\/france-3-un-jardin-dans-mon-entreprise\/ &nbsp; Pour permettre aux salari\u00e9s d\u2019apprendre les techniques du jardin au Naturel, le CE a lanc\u00e9 via l\u2019association IODE une section Jardin. Une fois par semaine, le groupe se r\u00e9unit pour<\/p>\n<p class=\"readmore\"> <a href=\"https:\/\/www.iode-du-lac.org\/blog\/les-groupes\/le-jardin\/\" title=\"Read Jardin\">  CONTINUE READING &#8230;<\/a> <\/p>\n","protected":false},"author":2,"featured_media":0,"parent":2812,"menu_order":0,"comment_status":"open","ping_status":"closed","template":"","meta":{"footnotes":""},"class_list":["post-2768","page","type-page","status-publish","hentry"],"_links":{"self":[{"href":"https:\/\/www.iode-du-lac.org\/blog\/wp-json\/wp\/v2\/pages\/2768","targetHints":{"allow":["GET"]}}],"collection":[{"href":"https:\/\/www.iode-du-lac.org\/blog\/wp-json\/wp\/v2\/pages"}],"about":[{"href":"https:\/\/www.iode-du-lac.org\/blog\/wp-json\/wp\/v2\/types\/page"}],"author":[{"embeddable":true,"href":"https:\/\/www.iode-du-lac.org\/blog\/wp-json\/wp\/v2\/users\/2"}],"replies":[{"embeddable":true,"href":"https:\/\/www.iode-du-lac.org\/blog\/wp-json\/wp\/v2\/comments?post=2768"}],"version-history":[{"count":18,"href":"https:\/\/www.iode-du-lac.org\/blog\/wp-json\/wp\/v2\/pages\/2768\/revisions"}],"predecessor-version":[{"id":5743,"href":"https:\/\/www.iode-du-lac.org\/blog\/wp-json\/wp\/v2\/pages\/2768\/revisions\/5743"}],"up":[{"embeddable":true,"href":"https:\/\/www.iode-du-lac.org\/blog\/wp-json\/wp\/v2\/pages\/2812"}],"wp:attachment":[{"href":"https:\/\/www.iode-du-lac.org\/blog\/wp-json\/wp\/v2\/media?parent=2768"}],"curies":[{"name":"wp","href":"https:\/\/api.w.org\/{rel}","templated":true}]}}