{"id":2765,"date":"2013-04-05T11:56:26","date_gmt":"2013-04-05T10:56:26","guid":{"rendered":"http:\/\/www.iode-du-lac.org\/blog\/?page_id=2765"},"modified":"2026-04-30T18:47:48","modified_gmt":"2026-04-30T16:47:48","slug":"lassociation","status":"publish","type":"page","link":"https:\/\/www.iode-du-lac.org\/blog\/lassociation\/","title":{"rendered":"L&rsquo;association"},"content":{"rendered":"\t\t<div data-elementor-type=\"wp-page\" data-elementor-id=\"2765\" class=\"elementor elementor-2765\">\n\t\t\t\t<div class=\"elementor-element elementor-element-1fabcc4 e-con-full e-flex jltma-glass-effect-no wpr-particle-no wpr-jarallax-no wpr-parallax-no wpr-sticky-section-no wpr-column-slider-no wpr-equal-height-no e-con e-parent\" data-id=\"1fabcc4\" data-element_type=\"container\" data-e-type=\"container\" data-settings=\"{&quot;background_background&quot;:&quot;classic&quot;}\">\n\t\t\t\t<div class=\"elementor-element elementor-element-6773c07 jltma-glass-effect-no elementor-widget elementor-widget-heading\" data-id=\"6773c07\" data-element_type=\"widget\" data-e-type=\"widget\" data-widget_type=\"heading.default\">\n\t\t\t\t\t<h2 class=\"elementor-heading-title elementor-size-default\">Qui sommes-nous ?<\/h2>\t\t\t\t<\/div>\n\t\t\t\t<\/div>\n\t\t<div class=\"elementor-element elementor-element-a3806f3 e-con-full e-flex jltma-glass-effect-no wpr-particle-no wpr-jarallax-no wpr-parallax-no wpr-sticky-section-no wpr-column-slider-no wpr-equal-height-no e-con e-parent\" data-id=\"a3806f3\" data-element_type=\"container\" data-e-type=\"container\">\n\t\t\t\t<div class=\"elementor-element elementor-element-9f11480 jltma-glass-effect-no elementor-widget elementor-widget-heading\" data-id=\"9f11480\" data-element_type=\"widget\" data-e-type=\"widget\" data-widget_type=\"heading.default\">\n\t\t\t\t\t<h3 class=\"elementor-heading-title elementor-size-default\">L'association<\/h3>\t\t\t\t<\/div>\n\t\t\t\t<div class=\"elementor-element elementor-element-1da14a3 jltma-glass-effect-no elementor-widget elementor-widget-text-editor\" data-id=\"1da14a3\" data-element_type=\"widget\" data-e-type=\"widget\" data-widget_type=\"text-editor.default\">\n\t\t\t\t\t\t\t\t\t<p>L\u2019IODE est une association du LAC ayant pour but de d\u00e9velopper et promouvoir des Initiatives d\u2019Ouverture, de D\u00e9bats et d\u2019Echanges d\u2019exp\u00e9riences, de connaissances et d\u2019information autour de l\u2019\u00e9cologie et du d\u00e9veloppement durable.<\/p><p><strong>En r\u00e9sum\u00e9 c\u2019est une association agitatrice d\u2019id\u00e9es durables !<\/strong><\/p>\t\t\t\t\t\t\t\t<\/div>\n\t\t\t\t<\/div>\n\t\t<div class=\"elementor-element elementor-element-2726460 e-con-full e-flex jltma-glass-effect-no wpr-particle-no wpr-jarallax-no wpr-parallax-no wpr-sticky-section-no wpr-column-slider-no wpr-equal-height-no e-con e-parent\" data-id=\"2726460\" data-element_type=\"container\" data-e-type=\"container\" data-settings=\"{&quot;background_background&quot;:&quot;classic&quot;}\">\n\t\t\t\t<\/div>\n\t\t<div class=\"elementor-element elementor-element-52a5657 e-con-full e-flex jltma-glass-effect-no wpr-particle-no wpr-jarallax-no wpr-parallax-no wpr-sticky-section-no wpr-column-slider-no wpr-equal-height-no e-con e-parent\" data-id=\"52a5657\" data-element_type=\"container\" data-e-type=\"container\">\n\t\t<div class=\"elementor-element elementor-element-6593419 e-con-full e-flex jltma-glass-effect-no wpr-particle-no wpr-jarallax-no wpr-parallax-no wpr-sticky-section-no wpr-column-slider-no wpr-equal-height-no e-con e-child\" data-id=\"6593419\" data-element_type=\"container\" data-e-type=\"container\">\n\t\t\t\t<div class=\"elementor-element elementor-element-9ff72cd jltma-glass-effect-no elementor-widget elementor-widget-heading\" data-id=\"9ff72cd\" data-element_type=\"widget\" data-e-type=\"widget\" data-widget_type=\"heading.default\">\n\t\t\t\t\t<h4 class=\"elementor-heading-title elementor-size-default\">Le conseil d'administration<\/h4>\t\t\t\t<\/div>\n\t\t\t\t<div class=\"elementor-element elementor-element-42c5f61 jltma-glass-effect-no elementor-widget elementor-widget-text-editor\" data-id=\"42c5f61\" data-element_type=\"widget\" data-e-type=\"widget\" data-widget_type=\"text-editor.default\">\n\t\t\t\t\t\t\t\t\t<ul><li style=\"list-style-type: none;\"><ul><li style=\"list-style-type: none;\"><ul><li>Florence Brun<\/li><li>Benoit Calmels<\/li><li>Maxime Cl\u00e9ment<\/li><li>C\u00e9line Delacoux<\/li><li>Oliver Gau<\/li><li>Bruno Lamberet<\/li><li>St\u00e9phane Paris<\/li><li>Olivier Pino<\/li><li>Florence Rahal<\/li><li>Fr\u00e9d\u00e9ric Rahal<\/li><li>Karine Roques<\/li><li>Patrice Royer<\/li><\/ul><\/li><\/ul><\/li><\/ul>\t\t\t\t\t\t\t\t<\/div>\n\t\t\t\t<\/div>\n\t\t<div class=\"elementor-element elementor-element-639313d e-con-full e-flex jltma-glass-effect-no wpr-particle-no wpr-jarallax-no wpr-parallax-no wpr-sticky-section-no wpr-column-slider-no wpr-equal-height-no e-con e-child\" data-id=\"639313d\" data-element_type=\"container\" data-e-type=\"container\">\n\t\t\t\t<\/div>\n\t\t<div class=\"elementor-element elementor-element-32d28a0 e-con-full e-flex jltma-glass-effect-no wpr-particle-no wpr-jarallax-no wpr-parallax-no wpr-sticky-section-no wpr-column-slider-no wpr-equal-height-no e-con e-child\" data-id=\"32d28a0\" data-element_type=\"container\" data-e-type=\"container\">\n\t\t\t\t<div class=\"elementor-element elementor-element-3a5caf5 jltma-glass-effect-no elementor-widget elementor-widget-heading\" data-id=\"3a5caf5\" data-element_type=\"widget\" data-e-type=\"widget\" data-widget_type=\"heading.default\">\n\t\t\t\t\t<h4 class=\"elementor-heading-title elementor-size-default\">Le bureau<\/h4>\t\t\t\t<\/div>\n\t\t\t\t<div class=\"elementor-element elementor-element-60642cc jltma-glass-effect-no elementor-widget elementor-widget-text-editor\" data-id=\"60642cc\" data-element_type=\"widget\" data-e-type=\"widget\" data-widget_type=\"text-editor.default\">\n\t\t\t\t\t\t\t\t\t<ul><li style=\"list-style-type: none;\"><ul><li style=\"list-style-type: none;\"><ul><li>Pr\u00e9sidente : C\u00e9line Delacoux<\/li><li>Vice-pr\u00e9sident : Bruno Lamberet<\/li><\/ul><\/li><\/ul><\/li><\/ul><ul><li style=\"list-style-type: none;\"><ul><li style=\"list-style-type: none;\"><ul><li>Secr\u00e9taire : Patrice Royer<\/li><\/ul><\/li><\/ul><\/li><\/ul><ul><li style=\"list-style-type: none;\"><ul><li style=\"list-style-type: none;\"><ul><li>Tr\u00e9sorier : St\u00e9phane Paris<\/li><li>Tr\u00e9sorier adjoint : Oliver Gau<\/li><\/ul><\/li><\/ul><\/li><\/ul>\t\t\t\t\t\t\t\t<\/div>\n\t\t\t\t<\/div>\n\t\t\t\t<\/div>\n\t\t<div class=\"elementor-element elementor-element-041c6ff e-con-full e-flex jltma-glass-effect-no wpr-particle-no wpr-jarallax-no wpr-parallax-no wpr-sticky-section-no wpr-column-slider-no wpr-equal-height-no e-con e-parent\" data-id=\"041c6ff\" data-element_type=\"container\" data-e-type=\"container\" data-settings=\"{&quot;background_background&quot;:&quot;classic&quot;}\">\n\t\t\t\t<\/div>\n\t\t<div class=\"elementor-element elementor-element-2c6bb49 e-con-full e-flex jltma-glass-effect-no wpr-particle-no wpr-jarallax-no wpr-parallax-no wpr-sticky-section-no wpr-column-slider-no wpr-equal-height-no e-con e-parent\" data-id=\"2c6bb49\" data-element_type=\"container\" data-e-type=\"container\">\n\t\t\t\t<div class=\"elementor-element elementor-element-d2ff299 jltma-glass-effect-no elementor-widget elementor-widget-heading\" data-id=\"d2ff299\" data-element_type=\"widget\" data-e-type=\"widget\" data-widget_type=\"heading.default\">\n\t\t\t\t\t<h3 class=\"elementor-heading-title elementor-size-default\">Les groupes de travail<\/h3>\t\t\t\t<\/div>\n\t\t\t\t<div class=\"elementor-element elementor-element-ff9aa7d elementor-widget__width-initial jltma-glass-effect-no elementor-widget elementor-widget-text-editor\" data-id=\"ff9aa7d\" data-element_type=\"widget\" data-e-type=\"widget\" data-widget_type=\"text-editor.default\">\n\t\t\t\t\t\t\t\t\t<p>Ci-dessous la liste des groupes de travail ainsi que les contacts<\/p><ul><li style=\"list-style-type: none;\"><ul><li style=\"text-align: left;\">AMAP<ul><li style=\"text-align: left;\">St\u00e9phane Paris<\/li><\/ul><\/li><li style=\"text-align: left;\">Transports en commun<ul><li style=\"text-align: left;\">Maxime Cl\u00e9ment et Bruno Lamberet<\/li><\/ul><\/li><li style=\"text-align: left;\">Jardin \/ Permaculture<ul><li style=\"text-align: left;\">Patrice Royer<\/li><\/ul><\/li><li style=\"text-align: left;\">R\u00e9duction des d\u00e9chets<ul><li style=\"text-align: left;\">C\u00e9line Delacoux<\/li><\/ul><\/li><li style=\"text-align: left;\">Alimentation et Ethique animale<ul><li style=\"text-align: left;\">Karine Roques et Benoit Calmels<\/li><\/ul><\/li><li style=\"text-align: left;\">Habitat \/ Energie<ul><li style=\"text-align: left;\">Olivier Pino et Bruno Lamberet<\/li><\/ul><\/li><li style=\"text-align: left;\">Sensibilisation<ul><li style=\"text-align: left;\">Fr\u00e9d\u00e9ric Rahal<\/li><\/ul><\/li><\/ul><\/li><\/ul>\t\t\t\t\t\t\t\t<\/div>\n\t\t\t\t<div class=\"elementor-element elementor-element-8693b5f elementor-align-center jltma-glass-effect-no elementor-widget elementor-widget-button\" data-id=\"8693b5f\" data-element_type=\"widget\" data-e-type=\"widget\" data-widget_type=\"button.default\">\n\t\t\t\t\t\t\t\t\t\t<a class=\"elementor-button elementor-button-link elementor-size-sm\" href=\"https:\/\/www.iode-du-lac.org\/blog\/les-groupes\/\">\n\t\t\t\t\t\t<span class=\"elementor-button-content-wrapper\">\n\t\t\t\t\t\t\t\t\t<span class=\"elementor-button-text\">Pour en savoir plus ....<\/span>\n\t\t\t\t\t<\/span>\n\t\t\t\t\t<\/a>\n\t\t\t\t\t\t\t\t<\/div>\n\t\t\t\t<\/div>\n\t\t<div class=\"elementor-element elementor-element-909c8f8 e-con-full e-flex jltma-glass-effect-no wpr-particle-no wpr-jarallax-no wpr-parallax-no wpr-sticky-section-no wpr-column-slider-no wpr-equal-height-no e-con e-parent\" data-id=\"909c8f8\" data-element_type=\"container\" data-e-type=\"container\" data-settings=\"{&quot;background_background&quot;:&quot;classic&quot;}\">\n\t\t\t\t<\/div>\n\t\t<div class=\"elementor-element elementor-element-61182ac e-flex e-con-boxed jltma-glass-effect-no wpr-particle-no wpr-jarallax-no wpr-parallax-no wpr-sticky-section-no wpr-column-slider-no wpr-equal-height-no e-con e-parent\" data-id=\"61182ac\" data-element_type=\"container\" data-e-type=\"container\">\n\t\t\t\t\t<div class=\"e-con-inner\">\n\t\t<a class=\"eael-wrapper-link-12797ae --eael-wrapper-link-tag\" href=\"https:\/\/www.iode-du-lac.org\/blog\/download\/presentation-ag-2026\/\"><\/a>\t\t<div data-eael-wrapper-link=\"eael-wrapper-link-12797ae\" class=\"elementor-element elementor-element-12797ae jltma-glass-effect-no elementor-widget elementor-widget-heading\" data-id=\"12797ae\" data-element_type=\"widget\" data-e-type=\"widget\" data-widget_type=\"heading.default\">\n\t\t\t\t\t<h4 class=\"elementor-heading-title elementor-size-default\">Compte rendu AG 2026<\/h4>\t\t\t\t<\/div>\n\t\t\t\t\t<\/div>\n\t\t\t\t<\/div>\n\t\t\t\t<\/div>\n\t\t","protected":false},"excerpt":{"rendered":"<p>Qui sommes-nous ? L&rsquo;association L\u2019IODE est une association du LAC ayant pour but de d\u00e9velopper et promouvoir des Initiatives d\u2019Ouverture, de D\u00e9bats et d\u2019Echanges d\u2019exp\u00e9riences, de connaissances et d\u2019information autour de l\u2019\u00e9cologie et du d\u00e9veloppement durable. En r\u00e9sum\u00e9 c\u2019est une association agitatrice d\u2019id\u00e9es durables ! Le conseil d&rsquo;administration Florence Brun Benoit Calmels Maxime Cl\u00e9ment C\u00e9line Delacoux Oliver Gau Bruno Lamberet St\u00e9phane Paris Olivier Pino Florence Rahal Fr\u00e9d\u00e9ric Rahal Karine Roques Patrice Royer Le bureau Pr\u00e9sidente : C\u00e9line Delacoux Vice-pr\u00e9sident : Bruno Lamberet Secr\u00e9taire : Patrice Royer Tr\u00e9sorier : St\u00e9phane Paris Tr\u00e9sorier adjoint : Oliver Gau Les groupes de travail Ci-dessous la liste des groupes de travail ainsi que les contacts AMAP St\u00e9phane Paris Transports en commun Maxime Cl\u00e9ment et Bruno Lamberet Jardin \/ Permaculture Patrice Royer R\u00e9duction des d\u00e9chets C\u00e9line Delacoux Alimentation et Ethique animale Karine Roques et Benoit Calmels Habitat \/ Energie Olivier Pino et Bruno Lamberet Sensibilisation Fr\u00e9d\u00e9ric Rahal Pour en savoir plus &#8230;. Compte rendu AG 2026<\/p>\n","protected":false},"author":42,"featured_media":0,"parent":0,"menu_order":0,"comment_status":"closed","ping_status":"closed","template":"","meta":{"site-sidebar-layout":"default","site-content-layout":"","ast-site-content-layout":"default","site-content-style":"default","site-sidebar-style":"default","ast-global-header-display":"","ast-banner-title-visibility":"","ast-main-header-display":"","ast-hfb-above-header-display":"","ast-hfb-below-header-display":"","ast-hfb-mobile-header-display":"","site-post-title":"","ast-breadcrumbs-content":"","ast-featured-img":"","footer-sml-layout":"","ast-disable-related-posts":"","theme-transparent-header-meta":"","adv-header-id-meta":"","stick-header-meta":"","header-above-stick-meta":"","header-main-stick-meta":"","header-below-stick-meta":"","astra-migrate-meta-layouts":"default","ast-page-background-enabled":"default","ast-page-background-meta":{"desktop":{"background-color":"var(--ast-global-color-5)","background-image":"","background-repeat":"repeat","background-position":"center center","background-size":"auto","background-attachment":"scroll","background-type":"","background-media":"","overlay-type":"","overlay-color":"","overlay-opacity":"","overlay-gradient":""},"tablet":{"background-color":"","background-image":"","background-repeat":"repeat","background-position":"center center","background-size":"auto","background-attachment":"scroll","background-type":"","background-media":"","overlay-type":"","overlay-color":"","overlay-opacity":"","overlay-gradient":""},"mobile":{"background-color":"","background-image":"","background-repeat":"repeat","background-position":"center center","background-size":"auto","background-attachment":"scroll","background-type":"","background-media":"","overlay-type":"","overlay-color":"","overlay-opacity":"","overlay-gradient":""}},"ast-content-background-meta":{"desktop":{"background-color":"var(--ast-global-color-4)","background-image":"","background-repeat":"repeat","background-position":"center center","background-size":"auto","background-attachment":"scroll","background-type":"","background-media":"","overlay-type":"","overlay-color":"","overlay-opacity":"","overlay-gradient":""},"tablet":{"background-color":"var(--ast-global-color-4)","background-image":"","background-repeat":"repeat","background-position":"center center","background-size":"auto","background-attachment":"scroll","background-type":"","background-media":"","overlay-type":"","overlay-color":"","overlay-opacity":"","overlay-gradient":""},"mobile":{"background-color":"var(--ast-global-color-4)","background-image":"","background-repeat":"repeat","background-position":"center center","background-size":"auto","background-attachment":"scroll","background-type":"","background-media":"","overlay-type":"","overlay-color":"","overlay-opacity":"","overlay-gradient":""}},"_mc_calendar":[],"footnotes":""},"class_list":["post-2765","page","type-page","status-publish","hentry"],"_links":{"self":[{"href":"https:\/\/www.iode-du-lac.org\/blog\/wp-json\/wp\/v2\/pages\/2765","targetHints":{"allow":["GET"]}}],"collection":[{"href":"https:\/\/www.iode-du-lac.org\/blog\/wp-json\/wp\/v2\/pages"}],"about":[{"href":"https:\/\/www.iode-du-lac.org\/blog\/wp-json\/wp\/v2\/types\/page"}],"author":[{"embeddable":true,"href":"https:\/\/www.iode-du-lac.org\/blog\/wp-json\/wp\/v2\/users\/42"}],"replies":[{"embeddable":true,"href":"https:\/\/www.iode-du-lac.org\/blog\/wp-json\/wp\/v2\/comments?post=2765"}],"version-history":[{"count":90,"href":"https:\/\/www.iode-du-lac.org\/blog\/wp-json\/wp\/v2\/pages\/2765\/revisions"}],"predecessor-version":[{"id":7801,"href":"https:\/\/www.iode-du-lac.org\/blog\/wp-json\/wp\/v2\/pages\/2765\/revisions\/7801"}],"wp:attachment":[{"href":"https:\/\/www.iode-du-lac.org\/blog\/wp-json\/wp\/v2\/media?parent=2765"}],"curies":[{"name":"wp","href":"https:\/\/api.w.org\/{rel}","templated":true}]}}