{"id":184,"date":"2009-11-30T23:29:34","date_gmt":"2009-11-30T22:29:34","guid":{"rendered":"http:\/\/www.iode-du-lac.org\/blog\/?page_id=184"},"modified":"2022-05-01T20:49:54","modified_gmt":"2022-05-01T19:49:54","slug":"adhesion","status":"publish","type":"page","link":"https:\/\/www.iode-du-lac.org\/blog\/lassociation\/adhesion\/","title":{"rendered":"Adh\u00e9sion"},"content":{"rendered":"<p>Nos activit\u00e9s vous int\u00e9ressent et vous voulez y participer et\/ou nous soutenir, voici tout ce que vous devez savoir.<\/p>\n<p><strong>Pourquoi s&rsquo;inscrire ?<\/strong><\/p>\n<p>Certaines de nos activit\u00e9s sont conditionn\u00e9es par une inscription.\u00a0Par exemple\u00a0:<\/p>\n<ul>\n<li>AMAP,<\/li>\n<li>Jardinage \/ Permaculture<\/li>\n<li>Location d\u2019appareils de mesure<\/li>\n<\/ul>\n<p>Cependant, m\u00eame si vous ne participez \u00e0 aucune de ces activit\u00e9s, votre adh\u00e9sion montre le soutien que vous apportez \u00e0 ce que l&rsquo;on fait ce qui est tr\u00e8s appr\u00e9ciable.<\/p>\n<p><strong>Combien \u00e7a co\u00fbte ?<\/strong><\/p>\n<p>L&rsquo;adh\u00e9sion \u00e0 IODE co\u00fbte <strong>5\u20ac <\/strong>pour tous, y compris les ext\u00e9rieurs<strong>. <\/strong>De plus<strong>, <\/strong>IODE \u00e9tant une association du LAC, il faut \u00eatre \u00eatre adh\u00e9rent du LAC. La cotisation au LAC est de <strong>5\u20ac<\/strong> pour les b\u00e9n\u00e9ficiaires du CSE Airbus Op\u00e9ration (voir ci-dessous) \u00a0et <strong>60\u20ac <\/strong>pour les ext\u00e9rieurs (entre autres les Airbus SAS). La cotisation au LAC est valable pour l&rsquo;ensemble des associations du LAC, on ne doit donc la payer qu&rsquo;une seule fois.<\/p>\n<p>Voici le tarif des activit\u00e9s \u00e0 r\u00e9gler en plus de\u00a0l&rsquo;adh\u00e9sion,<\/p>\n<ul>\n<li>cours jardin, permaculture = \u00e0 d\u00e9finir<\/li>\n<li>Location cam\u00e9ra thermique = 10\u20ac<\/li>\n<li>Location autres outils = gratuit<\/li>\n<li>AMAP = gratuit, le paiement se fait directement aupr\u00e8s du producteur<\/li>\n<\/ul>\n<p><strong>Comment s&rsquo;inscrire ?<\/strong><\/p>\n<p>Il suffit pour cela de remplir le formulaire d&rsquo;adh\u00e9sion:\u00a0<a title=\"Formulaire d'adh\u00e9sion\" href=\"http:\/\/lac.ceairbus.com\/iode\" target=\"_blank\" rel=\"noopener noreferrer\"><span style=\"color: blue;\">lien vers le formulaire d&rsquo;adh\u00e9sion<\/span><\/a><\/p>\n<p>Deux cas se pr\u00e9sentent:<\/p>\n<p>1\/ Vous n&rsquo;\u00eates pas inscrit au LAC via une autre association <strong>pour la saison 2021-2022<\/strong>.<\/p>\n<p>C&rsquo;est le cas le plus simple, vous renseignez le formulaire et vous pouvez payer la cotisation IODE + LAC imm\u00e9diatement par carte bleu et vous recevrez instantan\u00e9ment un mail de confirmation.<\/p>\n<p>Si vous payez par ch\u00e8que, vous recevrez le mail de confirmation quand le ch\u00e8que sera trait\u00e9.<\/p>\n<p>2\/ Vous \u00eates inscrit au LAC via une autre association <strong>pour saison 2021-2022<\/strong><\/p>\n<p>vous renseignez le formulaire\u00a0 en faisant\u00a0attention \u00e0 bien indiquer dans la ligne \u00ab\u00a0Cotisation LAC pay\u00e9e \u00e0\u00a0\u00bb , l&rsquo;association via laquelle vous avez pay\u00e9 votre cotisation LAC. Cela vous \u00e9vitera de payer deux fois.<\/p>\n<p><span style=\"color: red;\">Attention: ne payez pas les 10 euros par carte bleue si le syst\u00e8me vous le propose. <\/span>Dans ce cas, envoyez un mail \u00e0 Pierre Bibaud, il vous enverra un lien pour payer uniquement la cotisation IODE\u00a0par carte bleue,<\/p>\n<p>Votre adh\u00e9sion effective \u00e0 une autre association du LAC\u00a0est contr\u00f4l\u00e9e par le LAC. En cas d&rsquo;erreur, nous reviendrons vers vous pour le paiement de la cotisation LAC.<\/p>\n<p><strong>Comment faire un paiement<\/strong><strong>\u00a0?<\/strong><\/p>\n<p>Tout les paiements pour IODE peuvent \u00eatre fait par <strong>Carte Bleue. <\/strong>C&rsquo;est le moyen de paiement \u00e0 privil\u00e9gier car il engendre le moins de travail. Si vous n&rsquo;avez pas le lien pour payer, le demander \u00e0 Pierre Bibaud.<\/p>\n<p>Cependant, il est possible de <strong>payer par ch\u00e8que<\/strong>, pour cela, faire un ch\u00e8que \u00e0 l&rsquo;ordre de <strong>IODE<\/strong> en indiquant au dos &lsquo;adh\u00e9sion IODE pour nom de l&rsquo;adh\u00e9rent\u00a0\u00bb ou &lsquo;adh\u00e9sion IODE\/LAC pour nom de l&rsquo;adh\u00e9rent\u00a0\u00bb et le d\u00e9poser dans la boite \u00e0 lettre IODE situ\u00e9e sous l&rsquo;escalier pr\u00e8s de la m\u00e9diath\u00e8que.<\/p>\n<p><strong>Comment savoir si je suis d\u00e9j\u00e0 inscrit ?<\/strong><\/p>\n<p>Il n&rsquo;y a pas de proc\u00e9dure automatique, Envoyer un mail \u00e0 Pierre Bibaud ou Bruno Lamberet<\/p>\n<p><strong>Que faire si je veux modifier ou corriger le formulaire d&rsquo;inscription ?<\/strong><\/p>\n<p>Vous n&rsquo;avez pas la possibilit\u00e9 de modifier ou corriger votre formulaire d&rsquo;inscription.\u00a0Ne refaite pas la proc\u00e9dure d&rsquo;inscription.\u00a0Envoyer simplement un mail \u00e0 Pierre Bibaud ou Bruno Lamberet, nous ferons les modifications\/corrections.<\/p>\n<p>Merci par avance de votre soutien \u00e0 IODE.<\/p>\n<p><strong>Annexe : Suis-je b\u00e9n\u00e9ficiaire du CSE Airbus Op\u00e9ration ?<\/strong><\/p>\n<p>Les b\u00e9n\u00e9ficiaires du CSE Airbus Op\u00e9rations sont les \u00ab\u00a0ouvrant-droits\u00a0\u00bb et les \u00ab\u00a0ayant droits\u00a0\u00bb<\/p>\n<p>Sont <b>\u00ab\u00a0ouvrant-droits\u00a0\u00bb <\/b>les salaries des soci\u00e9t\u00e9s suivantes:<\/p>\n<ul>\n<li>AIRBUS OPERATIONS TOULOUSE<\/li>\n<li>COMIT\u00c9 D&rsquo;\u00c9TABLISSEMENT AIRBUS<\/li>\n<li>ARAT<\/li>\n<li>G.I.E. ATR ALENIA<\/li>\n<li>G.I.E. ATR<\/li>\n<li>AIRBUS UK (BAE) TOULOUSE<\/li>\n<li>CIMPA SAS<\/li>\n<li>AIRBUS Gmbh TOULOUSE<\/li>\n<li>AIRBUS ATR SAS<\/li>\n<li>LPPIA &#8211; LYCEE AIRBUS<\/li>\n<li>M.S.A.E.<\/li>\n<li>TESTIA (NDT EXPERT) \u00b7<\/li>\n<li>SPHEREA (TEST &amp; SERVICES)<\/li>\n<li>DIRECT AEROCLUB<\/li>\n<li>AFUL AEROCONSTELLATION<\/li>\n<\/ul>\n<p>&nbsp;<\/p>\n<p>Sont<b> \u00ab\u00a0ayant droits\u00a0\u00bb <\/b>le conjoint et\u00a0le(s) enfant(s) des \u00ab\u00a0ouvrants-droits\u00a0\u00bb<a href=\"https:\/\/www.iode-du-lac.org\/blog\/wp-content\/uploads\/2012\/03\/aigoual_coteaux21.png\"><br \/>\n<\/a><\/p>\n<p><strong>Attention<\/strong>: les \u00ab\u00a0Ayant-droits\u00a0\u00bb doivent \u00eatre d\u00e9clar\u00e9s au CSE. Pour cela, allez sur le site du CSE:<\/p>\n<p><a href=\"https:\/\/www.cseairbus.com\/\">https:\/\/www.cseairbus.com\/<\/a><\/p>\n<p>et allez dans \u00ab\u00a0&gt; Espace Perso\u00a0\u00bb puis \u00ab\u00a0Ayant Droit (AD)\u00a0\u00bb<\/p>\n<p>&nbsp;<\/p>\n","protected":false},"excerpt":{"rendered":"<p>Nos activit\u00e9s vous int\u00e9ressent et vous voulez y participer et\/ou nous soutenir, voici tout ce que vous devez savoir. Pourquoi s&rsquo;inscrire ? Certaines de nos activit\u00e9s sont conditionn\u00e9es par une inscription.\u00a0Par exemple\u00a0: AMAP, Jardinage \/ Permaculture Location d\u2019appareils de mesure Cependant, m\u00eame si vous ne participez \u00e0 aucune de ces activit\u00e9s, votre adh\u00e9sion montre le<\/p>\n<p class=\"readmore\"> <a href=\"https:\/\/www.iode-du-lac.org\/blog\/lassociation\/adhesion\/\" title=\"Read Adh\u00e9sion\">  CONTINUE READING &#8230;<\/a> <\/p>\n","protected":false},"author":4,"featured_media":0,"parent":2765,"menu_order":0,"comment_status":"open","ping_status":"closed","template":"","meta":{"footnotes":""},"class_list":["post-184","page","type-page","status-publish","hentry"],"_links":{"self":[{"href":"https:\/\/www.iode-du-lac.org\/blog\/wp-json\/wp\/v2\/pages\/184","targetHints":{"allow":["GET"]}}],"collection":[{"href":"https:\/\/www.iode-du-lac.org\/blog\/wp-json\/wp\/v2\/pages"}],"about":[{"href":"https:\/\/www.iode-du-lac.org\/blog\/wp-json\/wp\/v2\/types\/page"}],"author":[{"embeddable":true,"href":"https:\/\/www.iode-du-lac.org\/blog\/wp-json\/wp\/v2\/users\/4"}],"replies":[{"embeddable":true,"href":"https:\/\/www.iode-du-lac.org\/blog\/wp-json\/wp\/v2\/comments?post=184"}],"version-history":[{"count":45,"href":"https:\/\/www.iode-du-lac.org\/blog\/wp-json\/wp\/v2\/pages\/184\/revisions"}],"predecessor-version":[{"id":6236,"href":"https:\/\/www.iode-du-lac.org\/blog\/wp-json\/wp\/v2\/pages\/184\/revisions\/6236"}],"up":[{"embeddable":true,"href":"https:\/\/www.iode-du-lac.org\/blog\/wp-json\/wp\/v2\/pages\/2765"}],"wp:attachment":[{"href":"https:\/\/www.iode-du-lac.org\/blog\/wp-json\/wp\/v2\/media?parent=184"}],"curies":[{"name":"wp","href":"https:\/\/api.w.org\/{rel}","templated":true}]}}